
{"id":1005,"date":"2017-05-22T07:37:32","date_gmt":"2017-05-22T05:37:32","guid":{"rendered":"https:\/\/www.eschenau.at\/?page_id=1005"},"modified":"2026-03-25T15:27:47","modified_gmt":"2026-03-25T14:27:47","slug":"zuzu","status":"publish","type":"page","link":"https:\/\/test.eschenau.at\/?page_id=1005","title":{"rendered":"ZuZu"},"content":{"rendered":"<div class=\"fusion-fullwidth fullwidth-box fusion-builder-row-1 fusion-flex-container nonhundred-percent-fullwidth non-hundred-percent-height-scrolling\" style=\"--awb-border-radius-top-left:0px;--awb-border-radius-top-right:0px;--awb-border-radius-bottom-right:0px;--awb-border-radius-bottom-left:0px;--awb-flex-wrap:wrap;\" ><div class=\"fusion-builder-row fusion-row fusion-flex-align-items-flex-start fusion-flex-content-wrap\" style=\"max-width:1248px;margin-left: calc(-4% \/ 2 );margin-right: calc(-4% \/ 2 );\"><div class=\"fusion-layout-column fusion_builder_column fusion-builder-column-0 fusion_builder_column_2_3 2_3 fusion-flex-column\" style=\"--awb-bg-size:cover;--awb-width-large:66.666666666667%;--awb-margin-top-large:0px;--awb-spacing-right-large:2.88%;--awb-margin-bottom-large:20px;--awb-spacing-left-large:2.88%;--awb-width-medium:66.666666666667%;--awb-order-medium:0;--awb-spacing-right-medium:2.88%;--awb-spacing-left-medium:2.88%;--awb-width-small:100%;--awb-order-small:0;--awb-spacing-right-small:1.92%;--awb-spacing-left-small:1.92%;\"><div class=\"fusion-column-wrapper fusion-column-has-shadow fusion-flex-justify-content-flex-start fusion-content-layout-column\"><div class=\"fusion-text fusion-text-1\"><h3>zuzu &#8211; zusammen zuhause<\/h3>\n<p>Die Gemeinde App \u201e<strong>zusammen zuhause<\/strong>\u201c, kurz \u201e<strong>zuzu<\/strong>\u201c, ist eine interaktive praktische Anwendung f\u00fcr Smartphones, ein Programm am Handy also, mit dem die B\u00fcrger einfach, direkt und bequem mit der Gemeinde in Kontakt treten k\u00f6nnen.<\/p>\n<h3>Mehrwert f\u00fcr Kommunikation<\/h3>\n<p>Mit der App k\u00f6nnen B\u00fcrger ebenfalls Fotos von den Verbesserungsvorschl\u00e4gen hinzuf\u00fcgen. Automatisch werden die GPS-Koordinaten mitgesendet und die Gemeinde sieht sofort auf einer digitalen Karte, wo sich die gemeldeten Stellen befinden.<\/p>\n<p>B\u00fcrger k\u00f6nnen einzelne Ideen bewerten und kommentieren. Damit ist auch ein Informationsaustausch zwischen den B\u00fcrgern gew\u00e4hrleistet. Die Gemeindeverwaltung erh\u00e4lt durch zuzu einen \u00dcberblick, welche Themen aktuell sind und kann durch diese Erkenntnisse, die Aufgaben dementsprechend priorisieren.<\/p>\n<p>Der B\u00fcrger sieht jederzeit den aktuellen Status einzelner Meldungen und erkennt, wie sich eine Heimatgemeinde St\u00fcck f\u00fcr St\u00fcck verbessert und versch\u00f6nert.<br \/>Die B\u00fcrger k\u00f6nnen mit zuzu nicht nur Ideen einfach einbringen, sondern sie erhalten auch aktuelle Informationen und Veranstaltungsneuigkeiten aus der Gemeinde. Anonymit\u00e4t oder Missbrauch wird von der Gemeinde nicht akzeptiert. Streit zwischen Nachbarn wird auf den Gerichtsweg verwiesen!<\/p>\n<p>Wenn du also wissen willst was in deiner Heimatgemeinde passiert, dann f\u00fchrt kein Weg an zuzu vorbei.<\/p>\n<\/div><\/div><\/div><div class=\"fusion-layout-column fusion_builder_column fusion-builder-column-1 fusion_builder_column_1_3 1_3 fusion-flex-column\" style=\"--awb-bg-size:cover;--awb-width-large:33.333333333333%;--awb-margin-top-large:0px;--awb-spacing-right-large:5.76%;--awb-margin-bottom-large:20px;--awb-spacing-left-large:5.76%;--awb-width-medium:33.333333333333%;--awb-order-medium:0;--awb-spacing-right-medium:5.76%;--awb-spacing-left-medium:5.76%;--awb-width-small:100%;--awb-order-small:0;--awb-spacing-right-small:1.92%;--awb-spacing-left-small:1.92%;\"><div class=\"fusion-column-wrapper fusion-column-has-shadow fusion-flex-justify-content-flex-start fusion-content-layout-column\"><div class=\"fusion-image-element \" style=\"--awb-caption-title-font-family:var(--h2_typography-font-family);--awb-caption-title-font-weight:var(--h2_typography-font-weight);--awb-caption-title-font-style:var(--h2_typography-font-style);--awb-caption-title-size:var(--h2_typography-font-size);--awb-caption-title-transform:var(--h2_typography-text-transform);--awb-caption-title-line-height:var(--h2_typography-line-height);--awb-caption-title-letter-spacing:var(--h2_typography-letter-spacing);\"><span class=\" fusion-imageframe imageframe-none imageframe-1 hover-type-none\"><img decoding=\"async\" width=\"1030\" height=\"1030\" title=\"zuzu\" src=\"https:\/\/test.eschenau.at\/wp-content\/uploads\/2026\/03\/zuzu.png\" data-orig-src=\"https:\/\/test.eschenau.at\/wp-content\/uploads\/2026\/03\/zuzu.png\" alt class=\"lazyload img-responsive wp-image-14556\" srcset=\"data:image\/svg+xml,%3Csvg%20xmlns%3D%27http%3A%2F%2Fwww.w3.org%2F2000%2Fsvg%27%20width%3D%271030%27%20height%3D%271030%27%20viewBox%3D%270%200%201030%201030%27%3E%3Crect%20width%3D%271030%27%20height%3D%271030%27%20fill-opacity%3D%220%22%2F%3E%3C%2Fsvg%3E\" data-srcset=\"https:\/\/test.eschenau.at\/wp-content\/uploads\/2026\/03\/zuzu-200x200.png 200w, https:\/\/test.eschenau.at\/wp-content\/uploads\/2026\/03\/zuzu-400x400.png 400w, https:\/\/test.eschenau.at\/wp-content\/uploads\/2026\/03\/zuzu-600x600.png 600w, https:\/\/test.eschenau.at\/wp-content\/uploads\/2026\/03\/zuzu-800x800.png 800w, https:\/\/test.eschenau.at\/wp-content\/uploads\/2026\/03\/zuzu.png 1030w\" data-sizes=\"auto\" data-orig-sizes=\"(max-width: 700px) 100vw, 400px\" \/><\/span><\/div><div style=\"text-align:center;\"><a class=\"fusion-button button-flat fusion-button-default-size button-default fusion-button-default button-1 fusion-button-default-span fusion-button-default-type\" style=\"--button_margin-bottom:20px;\" target=\"_self\" title=\"zuzu f\u00fcr Android\" aria-label=\"zuzu f\u00fcr Android\" href=\"https:\/\/play.google.com\/store\/apps\/details?id=zuzu.app\"><i class=\"fa-mobile-alt fas awb-button__icon awb-button__icon--default button-icon-left\" aria-hidden=\"true\"><\/i><span class=\"fusion-button-text awb-button__text awb-button__text--default\">zuzu f\u00fcr Android<\/span><\/a><\/div><div style=\"text-align:center;\"><a class=\"fusion-button button-flat fusion-button-default-size button-default fusion-button-default button-2 fusion-button-default-span fusion-button-default-type\" style=\"--button_margin-bottom:20px;\" target=\"_self\" title=\"zuzu f\u00fcr iOS\" aria-label=\"zuzu f\u00fcr iOS\" href=\"https:\/\/itunes.apple.com\/ca\/app\/zuzu.-zusammen-zuhause\/id1102235117\"><i class=\"fa-mobile-alt fas awb-button__icon awb-button__icon--default button-icon-left\" aria-hidden=\"true\"><\/i><span class=\"fusion-button-text awb-button__text awb-button__text--default\">zuzu f\u00fcr iOS<\/span><\/a><\/div><\/div><\/div><\/div><\/div>\n","protected":false},"excerpt":{"rendered":"","protected":false},"author":1,"featured_media":0,"parent":0,"menu_order":0,"comment_status":"closed","ping_status":"closed","template":"","meta":{"_acf_changed":false,"footnotes":""},"class_list":["post-1005","page","type-page","status-publish","hentry"],"acf":[],"_links":{"self":[{"href":"https:\/\/test.eschenau.at\/index.php?rest_route=\/wp\/v2\/pages\/1005","targetHints":{"allow":["GET"]}}],"collection":[{"href":"https:\/\/test.eschenau.at\/index.php?rest_route=\/wp\/v2\/pages"}],"about":[{"href":"https:\/\/test.eschenau.at\/index.php?rest_route=\/wp\/v2\/types\/page"}],"author":[{"embeddable":true,"href":"https:\/\/test.eschenau.at\/index.php?rest_route=\/wp\/v2\/users\/1"}],"replies":[{"embeddable":true,"href":"https:\/\/test.eschenau.at\/index.php?rest_route=%2Fwp%2Fv2%2Fcomments&post=1005"}],"version-history":[{"count":3,"href":"https:\/\/test.eschenau.at\/index.php?rest_route=\/wp\/v2\/pages\/1005\/revisions"}],"predecessor-version":[{"id":14559,"href":"https:\/\/test.eschenau.at\/index.php?rest_route=\/wp\/v2\/pages\/1005\/revisions\/14559"}],"wp:attachment":[{"href":"https:\/\/test.eschenau.at\/index.php?rest_route=%2Fwp%2Fv2%2Fmedia&parent=1005"}],"curies":[{"name":"wp","href":"https:\/\/api.w.org\/{rel}","templated":true}]}}