
{"id":13968,"date":"2017-01-20T09:23:23","date_gmt":"2017-01-20T08:23:23","guid":{"rendered":"https:\/\/www.eschenau.at\/?page_id=283"},"modified":"2026-03-25T11:42:40","modified_gmt":"2026-03-25T10:42:40","slug":"obstbau","status":"publish","type":"page","link":"https:\/\/test.eschenau.at\/?page_id=13968","title":{"rendered":"Obstbau"},"content":{"rendered":"<div class=\"fusion-fullwidth fullwidth-box fusion-builder-row-1 fusion-flex-container nonhundred-percent-fullwidth non-hundred-percent-height-scrolling\" style=\"--awb-border-radius-top-left:0px;--awb-border-radius-top-right:0px;--awb-border-radius-bottom-right:0px;--awb-border-radius-bottom-left:0px;--awb-flex-wrap:wrap;\" ><div class=\"fusion-builder-row fusion-row fusion-flex-align-items-flex-start fusion-flex-content-wrap\" style=\"max-width:1248px;margin-left: calc(-4% \/ 2 );margin-right: calc(-4% \/ 2 );\"><div class=\"fusion-layout-column fusion_builder_column fusion-builder-column-0 fusion_builder_column_1_2 1_2 fusion-flex-column\" style=\"--awb-bg-size:cover;--awb-width-large:50%;--awb-margin-top-large:0px;--awb-spacing-right-large:3.84%;--awb-margin-bottom-large:0px;--awb-spacing-left-large:3.84%;--awb-width-medium:50%;--awb-spacing-right-medium:3.84%;--awb-spacing-left-medium:3.84%;--awb-width-small:100%;--awb-spacing-right-small:1.92%;--awb-spacing-left-small:1.92%;\"><div class=\"fusion-column-wrapper fusion-flex-justify-content-flex-start fusion-content-layout-column\"><div class=\"fusion-text fusion-text-1\"><p>Der Obstbau und die Obstverwertung haben in Eschenau eine lang zur\u00fcckreichende Tradition. Weitl\u00e4ufige Streuobstg\u00e4rten und Obstbaumzeilen pr\u00e4gen das Landschaftsbild und bieten besonders zur Zeit der Baumbl\u00fcte und im Herbst einen pr\u00e4chtigen Anblick. Zahlreiche Obstprodukte wie S\u00fc\u00dfmost, vergorener Most, Fruchts\u00e4fte, Marmeladen, D\u00f6rrobst und Obstbr\u00e4nde von beachtlicher Qualit\u00e4t bilden einen wichtigen Erwerbszweig der heimischen Landwirte. Lokale Spezialit\u00e4ten sind der Dirndlschnaps der aus der Kornelkirsche gebrannt wird, sowie der Odlatzbeerschnaps aus der Frucht der Elsbeere.<\/p>\n<p>Um den Themenkomplex Obstgarten-Obstverwertung in seiner Gesamtheit anschaulich darzustellen, wurde vom Arbeitskreis \u00d6kologie des Dorferneuerungsvereines mit Unterst\u00fctzung der Gemeinde ein Most-Obst-Wanderweg geschaffen. Drei Routen (ca. 8, 10 und 12 km lang) f\u00fchren durch die sch\u00f6nsten Gebiete des \u00d6kodorfes und sind f\u00fcr Alt und Jung leicht begehbar. In Schauk\u00e4sten werden verschiedene Aspekte des traditionell betriebenen Obstbaues, wie Most- und Schnapserzeugung, Baumpflege und die \u00d6kologie der Obstg\u00e4rten beschrieben. Da Streuobstg\u00e4rten zahlreichen Tier- und Pflanzenarten vielf\u00e4ltigen Lebensraum bieten, wird die reichhaltige Vogelwelt ebenso vorgestellt.<\/p>\n<p>Ein St\u00fcck des Weges ist dem heimischen Beerenobst gewidmet. Die Landwirte an der Strecke bieten Obstprodukte zum Kauf ein. Zum Beispiel die Familie Sulzer.<\/p>\n<\/div><\/div><\/div><div class=\"fusion-layout-column fusion_builder_column fusion-builder-column-1 fusion_builder_column_1_2 1_2 fusion-flex-column\" style=\"--awb-bg-size:cover;--awb-width-large:50%;--awb-margin-top-large:0px;--awb-spacing-right-large:3.84%;--awb-margin-bottom-large:20px;--awb-spacing-left-large:3.84%;--awb-width-medium:50%;--awb-order-medium:0;--awb-spacing-right-medium:3.84%;--awb-spacing-left-medium:3.84%;--awb-width-small:100%;--awb-order-small:0;--awb-spacing-right-small:1.92%;--awb-spacing-left-small:1.92%;\"><div class=\"fusion-column-wrapper fusion-column-has-shadow fusion-flex-justify-content-flex-start fusion-content-layout-column\"><div class=\"awb-gallery-wrapper awb-gallery-wrapper-1 button-span-no\" style=\"--more-btn-alignment:center;\"><div style=\"margin:-5px;--awb-bordersize:0px;\" class=\"fusion-gallery fusion-gallery-container fusion-grid-1 fusion-columns-total-2 fusion-gallery-layout-grid fusion-gallery-1\"><div style=\"padding:5px;\" class=\"fusion-grid-column fusion-gallery-column fusion-gallery-column-1 hover-type-none\"><div class=\"fusion-gallery-image\"><a href=\"https:\/\/test.eschenau.at\/wp-content\/uploads\/2026\/03\/DSC_8247-jpg-1030x687-1.jpg\" rel=\"noreferrer\" data-rel=\"iLightbox[gallery_image_1]\" class=\"fusion-lightbox\" target=\"_self\"><img decoding=\"async\" src=\"https:\/\/test.eschenau.at\/wp-content\/uploads\/2026\/03\/DSC_8247-jpg-1030x687-1.jpg\" data-orig-src=\"https:\/\/test.eschenau.at\/wp-content\/uploads\/2026\/03\/DSC_8247-jpg-1030x687-1.jpg\" width=\"1030\" height=\"687\" alt=\"\" title=\"DSC_8247-jpg-1030&#215;687\" aria-label=\"DSC_8247-jpg-1030&#215;687\" class=\"lazyload img-responsive wp-image-14489\" srcset=\"data:image\/svg+xml,%3Csvg%20xmlns%3D%27http%3A%2F%2Fwww.w3.org%2F2000%2Fsvg%27%20width%3D%271030%27%20height%3D%27687%27%20viewBox%3D%270%200%201030%20687%27%3E%3Crect%20width%3D%271030%27%20height%3D%27687%27%20fill-opacity%3D%220%22%2F%3E%3C%2Fsvg%3E\" data-srcset=\"https:\/\/test.eschenau.at\/wp-content\/uploads\/2026\/03\/DSC_8247-jpg-1030x687-1-200x133.jpg 200w, https:\/\/test.eschenau.at\/wp-content\/uploads\/2026\/03\/DSC_8247-jpg-1030x687-1-400x267.jpg 400w, https:\/\/test.eschenau.at\/wp-content\/uploads\/2026\/03\/DSC_8247-jpg-1030x687-1-600x400.jpg 600w, https:\/\/test.eschenau.at\/wp-content\/uploads\/2026\/03\/DSC_8247-jpg-1030x687-1-800x534.jpg 800w, https:\/\/test.eschenau.at\/wp-content\/uploads\/2026\/03\/DSC_8247-jpg-1030x687-1.jpg 1030w\" data-sizes=\"auto\" data-orig-sizes=\"(min-width: 2200px) 100vw, (min-width: 640px) 1200px, \" \/><\/a><\/div><\/div><div class=\"clearfix\"><\/div><div style=\"padding:5px;\" class=\"fusion-grid-column fusion-gallery-column fusion-gallery-column-1 hover-type-none\"><div class=\"fusion-gallery-image\"><a href=\"https:\/\/test.eschenau.at\/wp-content\/uploads\/2026\/03\/05-1030x749-1.jpg\" rel=\"noreferrer\" data-rel=\"iLightbox[gallery_image_1]\" class=\"fusion-lightbox\" target=\"_self\"><img decoding=\"async\" src=\"https:\/\/test.eschenau.at\/wp-content\/uploads\/2026\/03\/05-1030x749-1.jpg\" data-orig-src=\"https:\/\/test.eschenau.at\/wp-content\/uploads\/2026\/03\/05-1030x749-1.jpg\" width=\"1030\" height=\"749\" alt=\"\" title=\"05-1030&#215;749\" aria-label=\"05-1030&#215;749\" class=\"lazyload img-responsive wp-image-14488\" srcset=\"data:image\/svg+xml,%3Csvg%20xmlns%3D%27http%3A%2F%2Fwww.w3.org%2F2000%2Fsvg%27%20width%3D%271030%27%20height%3D%27749%27%20viewBox%3D%270%200%201030%20749%27%3E%3Crect%20width%3D%271030%27%20height%3D%27749%27%20fill-opacity%3D%220%22%2F%3E%3C%2Fsvg%3E\" data-srcset=\"https:\/\/test.eschenau.at\/wp-content\/uploads\/2026\/03\/05-1030x749-1-200x145.jpg 200w, https:\/\/test.eschenau.at\/wp-content\/uploads\/2026\/03\/05-1030x749-1-400x291.jpg 400w, https:\/\/test.eschenau.at\/wp-content\/uploads\/2026\/03\/05-1030x749-1-600x436.jpg 600w, https:\/\/test.eschenau.at\/wp-content\/uploads\/2026\/03\/05-1030x749-1-800x582.jpg 800w, https:\/\/test.eschenau.at\/wp-content\/uploads\/2026\/03\/05-1030x749-1.jpg 1030w\" data-sizes=\"auto\" data-orig-sizes=\"(min-width: 2200px) 100vw, (min-width: 640px) 1200px, \" \/><\/a><\/div><\/div><div class=\"clearfix\"><\/div><\/div><\/div><\/div><\/div><\/div><\/div>\n","protected":false},"excerpt":{"rendered":"","protected":false},"author":1,"featured_media":0,"parent":0,"menu_order":0,"comment_status":"closed","ping_status":"closed","template":"","meta":{"_acf_changed":false,"footnotes":""},"class_list":["post-13968","page","type-page","status-publish","hentry"],"acf":[],"_links":{"self":[{"href":"https:\/\/test.eschenau.at\/index.php?rest_route=\/wp\/v2\/pages\/13968","targetHints":{"allow":["GET"]}}],"collection":[{"href":"https:\/\/test.eschenau.at\/index.php?rest_route=\/wp\/v2\/pages"}],"about":[{"href":"https:\/\/test.eschenau.at\/index.php?rest_route=\/wp\/v2\/types\/page"}],"author":[{"embeddable":true,"href":"https:\/\/test.eschenau.at\/index.php?rest_route=\/wp\/v2\/users\/1"}],"replies":[{"embeddable":true,"href":"https:\/\/test.eschenau.at\/index.php?rest_route=%2Fwp%2Fv2%2Fcomments&post=13968"}],"version-history":[{"count":1,"href":"https:\/\/test.eschenau.at\/index.php?rest_route=\/wp\/v2\/pages\/13968\/revisions"}],"predecessor-version":[{"id":14490,"href":"https:\/\/test.eschenau.at\/index.php?rest_route=\/wp\/v2\/pages\/13968\/revisions\/14490"}],"wp:attachment":[{"href":"https:\/\/test.eschenau.at\/index.php?rest_route=%2Fwp%2Fv2%2Fmedia&parent=13968"}],"curies":[{"name":"wp","href":"https:\/\/api.w.org\/{rel}","templated":true}]}}