
{"id":13969,"date":"2017-01-20T09:45:06","date_gmt":"2017-01-20T08:45:06","guid":{"rendered":"https:\/\/www.eschenau.at\/?page_id=326"},"modified":"2026-03-25T14:37:10","modified_gmt":"2026-03-25T13:37:10","slug":"radweg-eschenau-rotheau","status":"publish","type":"page","link":"https:\/\/test.eschenau.at\/?page_id=13969","title":{"rendered":"Radweg Eschenau &#8211; Rotheau"},"content":{"rendered":"<div class=\"fusion-fullwidth fullwidth-box fusion-builder-row-1 fusion-flex-container nonhundred-percent-fullwidth non-hundred-percent-height-scrolling\" style=\"--awb-border-radius-top-left:0px;--awb-border-radius-top-right:0px;--awb-border-radius-bottom-right:0px;--awb-border-radius-bottom-left:0px;--awb-flex-wrap:wrap;\" ><div class=\"fusion-builder-row fusion-row fusion-flex-align-items-flex-start fusion-flex-content-wrap\" style=\"max-width:1248px;margin-left: calc(-4% \/ 2 );margin-right: calc(-4% \/ 2 );\"><div class=\"fusion-layout-column fusion_builder_column fusion-builder-column-0 fusion_builder_column_2_3 2_3 fusion-flex-column\" style=\"--awb-bg-size:cover;--awb-width-large:66.666666666667%;--awb-margin-top-large:0px;--awb-spacing-right-large:2.88%;--awb-margin-bottom-large:0px;--awb-spacing-left-large:2.88%;--awb-width-medium:66.666666666667%;--awb-spacing-right-medium:2.88%;--awb-spacing-left-medium:2.88%;--awb-width-small:100%;--awb-spacing-right-small:1.92%;--awb-spacing-left-small:1.92%;\"><div class=\"fusion-column-wrapper fusion-flex-justify-content-flex-start fusion-content-layout-column\"><div class=\"fusion-text fusion-text-1\"><p>Als im Jahre 2004 die Volksschulkinder an Herrn B\u00fcrgermeister W\u00f6gerer mit dem Wunsch zwischen Eschenau und Rotheau einen Radweg zu errichten, herangetreten sind, wurde sofort mit der Pr\u00fcfung ob dieses Projekt durchf\u00fchrbar ist, begonnen. <\/p>\n<p>Mit den privaten Grundst\u00fccksbesitzern wurden Vertr\u00e4ge abgeschlossen, die beh\u00f6rdlichen Genehmigungen mussten eingeholt und die Finanzierbarkeit abgekl\u00e4rt werden. Danach wurde im Ortsteil Steubach mit dem Bau begonnen. Unter kr\u00e4ftiger Mithilfe der Landjugend wurde im Fr\u00fchjahr 2009 ein Hohlweg mit Aushubmaterial bef\u00fcllt. Mit der Firma Trost wurde die Rohtrasse von Steubach bis zur Querung des Steubaches ca. 230 lfm vor dem Ortsbeginn von Eschenau hergestellt. Die Fa. J\u00e4ger wurde mit der Herstellung der Br\u00fcckenfundamente beauftragt. Die dazugeh\u00f6rige Br\u00fccke wurde Ende M\u00e4rz versetzt. <\/p>\n<p>In den n\u00e4chsten Jahren wird an diesem Projekt laufend weitergearbeitet um langfristig die Ortsteile Eschenau, Steubach und Rotheau zu verbinden. Mit diesem Radweg soll nicht nur die Sicherheit f\u00fcr Fu\u00dfgeher und Radfahrer erh\u00f6ht, sondern auch ein Zeichen der Zusammengeh\u00f6rigkeit dieser Ortsteile gesetzt werden.<\/p>\n<\/div><\/div><\/div><div class=\"fusion-layout-column fusion_builder_column fusion-builder-column-1 fusion_builder_column_1_3 1_3 fusion-flex-column\" style=\"--awb-bg-size:cover;--awb-width-large:33.333333333333%;--awb-margin-top-large:0px;--awb-spacing-right-large:5.76%;--awb-margin-bottom-large:20px;--awb-spacing-left-large:5.76%;--awb-width-medium:33.333333333333%;--awb-order-medium:0;--awb-spacing-right-medium:5.76%;--awb-spacing-left-medium:5.76%;--awb-width-small:100%;--awb-order-small:0;--awb-spacing-right-small:1.92%;--awb-spacing-left-small:1.92%;\"><div class=\"fusion-column-wrapper fusion-column-has-shadow fusion-flex-justify-content-flex-start fusion-content-layout-column\"><div class=\"awb-gallery-wrapper awb-gallery-wrapper-1 button-span-no\" style=\"--more-btn-alignment:center;\"><div style=\"margin:-5px;--awb-bordersize:0px;\" class=\"fusion-gallery fusion-gallery-container fusion-grid-3 fusion-columns-total-2 fusion-gallery-layout-grid fusion-gallery-1\"><div style=\"padding:5px;\" class=\"fusion-grid-column fusion-gallery-column fusion-gallery-column-3 hover-type-none\"><div class=\"fusion-gallery-image\"><a href=\"https:\/\/test.eschenau.at\/wp-content\/uploads\/2026\/03\/Radweg_1_01-1030x773-1.jpg\" rel=\"noreferrer\" data-rel=\"iLightbox[gallery_image_1]\" class=\"fusion-lightbox\" target=\"_self\"><img decoding=\"async\" src=\"https:\/\/test.eschenau.at\/wp-content\/uploads\/2026\/03\/Radweg_1_01-1030x773-1.jpg\" data-orig-src=\"https:\/\/test.eschenau.at\/wp-content\/uploads\/2026\/03\/Radweg_1_01-1030x773-1.jpg\" width=\"1030\" height=\"773\" alt=\"\" title=\"Radweg_1_01-1030&#215;773\" aria-label=\"Radweg_1_01-1030&#215;773\" class=\"lazyload img-responsive wp-image-14503\" srcset=\"data:image\/svg+xml,%3Csvg%20xmlns%3D%27http%3A%2F%2Fwww.w3.org%2F2000%2Fsvg%27%20width%3D%271030%27%20height%3D%27773%27%20viewBox%3D%270%200%201030%20773%27%3E%3Crect%20width%3D%271030%27%20height%3D%27773%27%20fill-opacity%3D%220%22%2F%3E%3C%2Fsvg%3E\" data-srcset=\"https:\/\/test.eschenau.at\/wp-content\/uploads\/2026\/03\/Radweg_1_01-1030x773-1-200x150.jpg 200w, https:\/\/test.eschenau.at\/wp-content\/uploads\/2026\/03\/Radweg_1_01-1030x773-1-400x300.jpg 400w, https:\/\/test.eschenau.at\/wp-content\/uploads\/2026\/03\/Radweg_1_01-1030x773-1-600x450.jpg 600w, https:\/\/test.eschenau.at\/wp-content\/uploads\/2026\/03\/Radweg_1_01-1030x773-1-800x600.jpg 800w, https:\/\/test.eschenau.at\/wp-content\/uploads\/2026\/03\/Radweg_1_01-1030x773-1.jpg 1030w\" data-sizes=\"auto\" data-orig-sizes=\"(min-width: 2200px) 100vw, (min-width: 784px) 397px, (min-width: 712px) 595px, (min-width: 640px) 712px, \" \/><\/a><\/div><\/div><div style=\"padding:5px;\" class=\"fusion-grid-column fusion-gallery-column fusion-gallery-column-3 hover-type-none\"><div class=\"fusion-gallery-image\"><a href=\"https:\/\/test.eschenau.at\/wp-content\/uploads\/2026\/03\/Radweg2_01-1030x773-1.jpg\" rel=\"noreferrer\" data-rel=\"iLightbox[gallery_image_1]\" class=\"fusion-lightbox\" target=\"_self\"><img decoding=\"async\" src=\"https:\/\/test.eschenau.at\/wp-content\/uploads\/2026\/03\/Radweg2_01-1030x773-1.jpg\" data-orig-src=\"https:\/\/test.eschenau.at\/wp-content\/uploads\/2026\/03\/Radweg2_01-1030x773-1.jpg\" width=\"1030\" height=\"773\" alt=\"\" title=\"Radweg2_01-1030&#215;773\" aria-label=\"Radweg2_01-1030&#215;773\" class=\"lazyload img-responsive wp-image-14504\" srcset=\"data:image\/svg+xml,%3Csvg%20xmlns%3D%27http%3A%2F%2Fwww.w3.org%2F2000%2Fsvg%27%20width%3D%271030%27%20height%3D%27773%27%20viewBox%3D%270%200%201030%20773%27%3E%3Crect%20width%3D%271030%27%20height%3D%27773%27%20fill-opacity%3D%220%22%2F%3E%3C%2Fsvg%3E\" data-srcset=\"https:\/\/test.eschenau.at\/wp-content\/uploads\/2026\/03\/Radweg2_01-1030x773-1-200x150.jpg 200w, https:\/\/test.eschenau.at\/wp-content\/uploads\/2026\/03\/Radweg2_01-1030x773-1-400x300.jpg 400w, https:\/\/test.eschenau.at\/wp-content\/uploads\/2026\/03\/Radweg2_01-1030x773-1-600x450.jpg 600w, https:\/\/test.eschenau.at\/wp-content\/uploads\/2026\/03\/Radweg2_01-1030x773-1-800x600.jpg 800w, https:\/\/test.eschenau.at\/wp-content\/uploads\/2026\/03\/Radweg2_01-1030x773-1.jpg 1030w\" data-sizes=\"auto\" data-orig-sizes=\"(min-width: 2200px) 100vw, (min-width: 784px) 397px, (min-width: 712px) 595px, (min-width: 640px) 712px, \" \/><\/a><\/div><\/div><\/div><\/div><\/div><\/div><\/div><\/div>\n","protected":false},"excerpt":{"rendered":"","protected":false},"author":1,"featured_media":0,"parent":0,"menu_order":0,"comment_status":"closed","ping_status":"closed","template":"","meta":{"_acf_changed":false,"footnotes":""},"class_list":["post-13969","page","type-page","status-publish","hentry"],"acf":[],"_links":{"self":[{"href":"https:\/\/test.eschenau.at\/index.php?rest_route=\/wp\/v2\/pages\/13969","targetHints":{"allow":["GET"]}}],"collection":[{"href":"https:\/\/test.eschenau.at\/index.php?rest_route=\/wp\/v2\/pages"}],"about":[{"href":"https:\/\/test.eschenau.at\/index.php?rest_route=\/wp\/v2\/types\/page"}],"author":[{"embeddable":true,"href":"https:\/\/test.eschenau.at\/index.php?rest_route=\/wp\/v2\/users\/1"}],"replies":[{"embeddable":true,"href":"https:\/\/test.eschenau.at\/index.php?rest_route=%2Fwp%2Fv2%2Fcomments&post=13969"}],"version-history":[{"count":2,"href":"https:\/\/test.eschenau.at\/index.php?rest_route=\/wp\/v2\/pages\/13969\/revisions"}],"predecessor-version":[{"id":14505,"href":"https:\/\/test.eschenau.at\/index.php?rest_route=\/wp\/v2\/pages\/13969\/revisions\/14505"}],"wp:attachment":[{"href":"https:\/\/test.eschenau.at\/index.php?rest_route=%2Fwp%2Fv2%2Fmedia&parent=13969"}],"curies":[{"name":"wp","href":"https:\/\/api.w.org\/{rel}","templated":true}]}}