
{"id":13970,"date":"2017-09-13T11:06:48","date_gmt":"2017-09-13T09:06:48","guid":{"rendered":"https:\/\/www.eschenau.at\/?page_id=1510"},"modified":"2017-09-13T11:06:48","modified_gmt":"2017-09-13T09:06:48","slug":"hausnamen-in-eschenau-2","status":"publish","type":"page","link":"https:\/\/test.eschenau.at\/?page_id=13970","title":{"rendered":"Hausnamen in Eschenau"},"content":{"rendered":"<h4>Hausnamen in der Gemeinde ESCHENAU<\/h4>\n<p><strong>Abt Friedrich Siedlung<\/strong><\/p>\n<p>Edelweish\u00e4usel<\/p>\n<p><strong>Braiten<\/strong><\/p>\n<p>Sonnenhof<\/p>\n<p><strong>Entzberg<\/strong><\/p>\n<p>Wies, Endsberg, Endsfeld, Dornach<\/p>\n<p><strong>Hauptstra\u00dfe<\/strong><\/p>\n<p>Dorfm\u00fchle, Zehenthof, Messnerhof, Eschenauer oder B\u00e4ckerhaus, Grie\u00dfl, Tavern, L\u00f6ffelstatt, Lichtensteg, Unternberg, Unterhof, Mitterhof, Oberhof, Obernberg<\/p>\n<p><strong>Inzenreithstra\u00dfe<\/strong><\/p>\n<p>Im Tal, Klein-Inzenreith, Gro\u00df-Inzenreith, Rosen\u00f6d<\/p>\n<p><strong>Kirchenweg<\/strong><\/p>\n<p>Frauenhof<\/p>\n<p><strong>Laimergraben<\/strong><\/p>\n<p>In der H\u00f6ll, Ober-Laim, Unter-Laim, Am Stein, L\u00f6ffelhof, H\u00f6lzels\u00f6d, Am Riegel, Langental<\/p>\n<p><strong>Moosrotte<\/strong><\/p>\n<p>Untermoos, Obermoos<\/p>\n<p><strong>M\u00fchlweg<\/strong><\/p>\n<p>Wagnerh\u00e4usl<\/p>\n<p><strong>Prinzbach<\/strong><\/p>\n<p>Ausserprinzbach, Grafm\u00fchl<\/p>\n<p><strong>Rotheau<\/strong><\/p>\n<p>Obertavern, Haus am Eck, Tanzstall, Untertavern, Unterau, Mitterau, Oberau, Gro\u00dfach, Gei\u00df\u00f6d, Klafterbrunn, Stra\u00dfeneinr\u00e4umerhaus, Meierhof, Hamburgerhaus, Thalhammerhaus, Himmel oder KerngrubHundsgrub, L\u00f6fflm\u00fchl,<\/p>\n<p><strong>Schulgasse<\/strong><\/p>\n<p>Schoberh\u00e4usl, Hausbauer<\/p>\n<p><strong>Sonnleiten<\/strong><\/p>\n<p>J\u00e4gerh\u00e4usl, Sonnleiten<\/p>\n<p><strong>Sonnleitgraben<\/strong><\/p>\n<p>Ausserbach, Hofstatt, Vogelleiten, Am Stein, Innerbach, Rempelsberg, Gottfriedsberg, Kaisersberg, Rabental, Mauerhof, Reith<\/p>\n<p><strong>Steubach<\/strong><\/p>\n<p>Stiegelhof, Unter Hofstatt, Grillenleiten, Am Bichel, Kleine Hofstatt, Gro\u00dfe Hofstatt, Ober Baumgarten, Unter Baumgarten, Angerm\u00fchle, Herwatz\u00f6d, Hub, Ehreneck, Hintereck, Narn\u00f6d, Wetterlucken, Am Graben, Gelbing, Panzen\u00f6d, An der Buchen, Ober Haselhof, Unter Haselhof, Lehen, Meiselberg<\/p>\n<p><strong>Wehrabach<\/strong><\/p>\n<p>Im Winkl, Um die halbe Hofstadt, Am Orth, Am Bach, Ober Rain, Unter Rain, Gei\u00dfberg, Zeitlhof<\/p>\n<p><strong>Windbichl<\/strong><\/p>\n<p>Leiten, Grasweg, K\u00f6nigs\u00f6d, Vorderwindbichl, Hinterwindbichl, Kopets\u00f6d, Hagelberg, Gie\u00dfenberg<\/p>\n","protected":false},"excerpt":{"rendered":"<p>Hausnamen in der Gemeinde ESCHENAU Abt Friedrich Siedlung Edelweish\u00e4usel Braiten  [&#8230;]<\/p>\n","protected":false},"author":2,"featured_media":0,"parent":0,"menu_order":0,"comment_status":"closed","ping_status":"closed","template":"","meta":{"_acf_changed":false,"footnotes":""},"class_list":["post-13970","page","type-page","status-publish","hentry"],"acf":[],"_links":{"self":[{"href":"https:\/\/test.eschenau.at\/index.php?rest_route=\/wp\/v2\/pages\/13970","targetHints":{"allow":["GET"]}}],"collection":[{"href":"https:\/\/test.eschenau.at\/index.php?rest_route=\/wp\/v2\/pages"}],"about":[{"href":"https:\/\/test.eschenau.at\/index.php?rest_route=\/wp\/v2\/types\/page"}],"author":[{"embeddable":true,"href":"https:\/\/test.eschenau.at\/index.php?rest_route=\/wp\/v2\/users\/2"}],"replies":[{"embeddable":true,"href":"https:\/\/test.eschenau.at\/index.php?rest_route=%2Fwp%2Fv2%2Fcomments&post=13970"}],"version-history":[{"count":0,"href":"https:\/\/test.eschenau.at\/index.php?rest_route=\/wp\/v2\/pages\/13970\/revisions"}],"wp:attachment":[{"href":"https:\/\/test.eschenau.at\/index.php?rest_route=%2Fwp%2Fv2%2Fmedia&parent=13970"}],"curies":[{"name":"wp","href":"https:\/\/api.w.org\/{rel}","templated":true}]}}