
{"id":2223,"date":"2018-04-05T10:26:10","date_gmt":"2018-04-05T08:26:10","guid":{"rendered":"https:\/\/www.eschenau.at\/?page_id=2223"},"modified":"2018-04-05T10:26:10","modified_gmt":"2018-04-05T08:26:10","slug":"kundmachung-der-amtssignatur","status":"publish","type":"page","link":"https:\/\/test.eschenau.at\/?page_id=2223","title":{"rendered":"Kundmachung der Amtssignatur &#038; Hinweis zur Rechtsmitteleinbringung"},"content":{"rendered":"<h3>1. Amtssignatur<\/h3>\n<p>Im Sinne der elektronischen Verfahrensabwicklung kann die Gemeinde Eschenau auf ihren Formularen eine Amtssignatur anbringen. Dadurch wird gew\u00e4hrleistet, dass es sich um ein amtliches, elektronisches Dokument einer Beh\u00f6rde handelt. Durch die Amtssignatur k\u00f6nnen die Herkunft und die Echtheit eines Dokuments \u00fcberpr\u00fcft werden. Ein auf Papier ausgedrucktes mit einer Amtssignatur versehenes elektronisches Dokument einer Beh\u00f6rde hat gem\u00e4\u00df \u00a7 20 E-GovG die Beweiskraft einer \u00f6ffentlichen Urkunde.<\/p>\n<p>Merkmale der Amtssignatur:<\/p>\n<ul>\n<li>Bildmarke (gem\u00e4\u00df \u00a7 19 Abs. 1 E-GovG)<\/li>\n<li>Hinweis im Dokument &#8222;Dieses Dokument wurde amtssigniert&#8220; (gem. \u00a7 19 Abs. 3 E-GovG)<\/li>\n<li>Pr\u00fcfinformation der elektronischen Signatur (gem. \u00a7 20 E-GovG)<\/li>\n<\/ul>\n<p><a href=\"https:\/\/www.digitales.oesterreich.gv.at\/amtssignatur\">Informationen zur Amtssignatur finden Sie unter: https:\/\/www.digitales.oesterreich.gv.at\/amtssignatur<\/a><\/p>\n<h4>Ver\u00f6ffentlichung der Bildmarke<\/h4>\n<p>Die Ver\u00f6ffentlichung der Bildmarke Gemeinde Eschenau gem\u00e4\u00df \u00a7 19 Abs. 3 E-GovG finden Sie <a href=\"https:\/\/test.eschenau.at\/wp-content\/uploads\/2018\/04\/Ver%C3%B6ffentlichung.pdf\">hier<\/a>.<\/p>\n<h4>Elektronische Signaturpr\u00fcfung:<\/h4>\n<p><a href=\"http:\/\/www.signaturpruefung.gv.at\">http:\/\/www.signaturpruefung.gv.at<\/a> bzw. <a href=\"https:\/\/pruefung.signatur.rtr.at\/\">https:\/\/pruefung.signatur.rtr.at\/<\/a><\/p>\n<h4>R\u00fcckf\u00fchrbarkeit eines Ausdruckes mit Amtssignatur:<\/h4>\n<p><a href=\"http:\/\/www.signaturpruefung.gv.at\/\">http:\/\/www.signaturpruefung.gv.at\/<\/a> bzw. <a href=\"https:\/\/pruefung.signatur.rtr.at\/\">https:\/\/pruefung.signatur.rtr.at\/<\/a><\/p>\n<p>Verifizierung bzw. sonstige Ausk\u00fcnfte zu amtssignierten Dokumenten der Gemeinde Eschenau: Ansprechperson: B\u00fcrgermeister G\u00fcnter Buchner<\/p>\n<p>Adresse: Hauptplatz 1, 3153 Eschenau, Telefon: 02762\/67230, Fax: 02762\/67230-4<\/p>\n<p>E-Mail: gemeindeamt@eschenau.at, DVR-Nummer: 00024601, UID-Nummer: ATU 16256708<\/p>\n<p>Parteienverkehrszeiten: Dienstag 7 &#8211; 12\u00a0 und 13 &#8211; 19 Uhr, Donnerstag 7 &#8211; 12 und 13-15 Uhr<\/p>\n<h3>2. Hinweis zur Rechtsmitteleinbringung<\/h3>\n<p>Rechtsmittel k\u00f6nnen in folgender Form eingebracht werden:<\/p>\n<ul>\n<li>Pers\u00f6nlich: Montag: 7 &#8211; 12 und 13 &#8211; 15 Uhr, Dienstag 7 &#8211; 12 und 13 &#8211; 19 Uhr, Mittwoch 7 &#8211; 12 und 13 &#8211; 15 Uhr, Donnerstag 7 &#8211; 12 und 13 &#8211; 15 Uhr, Freitag 7 &#8211; 12.30 Uhr<\/li>\n<li>Postalisch: Gemeindeamt Eschenau, Hauptplatz 1, 3153 Eschenau<\/li>\n<li>Per E-Mail:\u00a0gemeindeamt@eschenau.at<\/li>\n<li>Per FAX: 02762\/67230-4<\/li>\n<\/ul>\n<p>F\u00fcr die Rechtsmitteleinbringung werden die allgemein g\u00fcltigen technischen Voraussetzungen f\u00fcr Anbringen und Erledigungen festgelegt.<\/p>\n<p>&nbsp;<\/p>\n","protected":false},"excerpt":{"rendered":"<p>1. Amtssignatur Im Sinne der elektronischen Verfahrensabwicklung kann die Gemeinde  [&#8230;]<\/p>\n","protected":false},"author":2,"featured_media":0,"parent":0,"menu_order":0,"comment_status":"closed","ping_status":"closed","template":"","meta":{"_acf_changed":false,"footnotes":""},"class_list":["post-2223","page","type-page","status-publish","hentry"],"acf":[],"_links":{"self":[{"href":"https:\/\/test.eschenau.at\/index.php?rest_route=\/wp\/v2\/pages\/2223","targetHints":{"allow":["GET"]}}],"collection":[{"href":"https:\/\/test.eschenau.at\/index.php?rest_route=\/wp\/v2\/pages"}],"about":[{"href":"https:\/\/test.eschenau.at\/index.php?rest_route=\/wp\/v2\/types\/page"}],"author":[{"embeddable":true,"href":"https:\/\/test.eschenau.at\/index.php?rest_route=\/wp\/v2\/users\/2"}],"replies":[{"embeddable":true,"href":"https:\/\/test.eschenau.at\/index.php?rest_route=%2Fwp%2Fv2%2Fcomments&post=2223"}],"version-history":[{"count":0,"href":"https:\/\/test.eschenau.at\/index.php?rest_route=\/wp\/v2\/pages\/2223\/revisions"}],"wp:attachment":[{"href":"https:\/\/test.eschenau.at\/index.php?rest_route=%2Fwp%2Fv2%2Fmedia&parent=2223"}],"curies":[{"name":"wp","href":"https:\/\/api.w.org\/{rel}","templated":true}]}}