
{"id":2389,"date":"2018-05-18T12:09:29","date_gmt":"2018-05-18T10:09:29","guid":{"rendered":"https:\/\/www.eschenau.at\/?page_id=2389"},"modified":"2018-05-18T12:09:29","modified_gmt":"2018-05-18T10:09:29","slug":"datenschutz","status":"publish","type":"page","link":"https:\/\/test.eschenau.at\/?page_id=2389","title":{"rendered":"Datenschutz"},"content":{"rendered":"<h1>Datenschutzerkl\u00e4rung<\/h1>\n<p>Der Schutz Ihrer pers\u00f6nlichen Daten ist uns ein besonderes Anliegen. Wir verarbeiten Ihre Daten daher ausschlie\u00dflich auf Grundlage der gesetzlichen Bestimmungen (DSGVO, TKG 2003).<\/p>\n<p>Die Nutzung unserer Website ist in der Regel ohne Angabe personenbezogener Daten m\u00f6glich. Soweit auf unseren Seiten personenbezogene Daten (beispielsweise Name, Anschrift oder E-Mail-Adressen) erhoben werden, erfolgt dies, soweit m\u00f6glich, stets auf freiwilliger Basis. Diese Daten werden ohne Ihre ausdr\u00fcckliche Zustimmung nicht an Dritte weitergegeben.<\/p>\n<h3>1. Allgemeine Angaben zur Datenverarbeitung und den Rechtsgrundlagen<\/h3>\n<p>1.1. Diese Datenschutzerkl\u00e4rung beschreibt die Art, den Umfang und Zweck der Verarbeitung von personenbezogenen Daten innerhalb unseres Leistungsangebots und der mit ihnen verbundenen Webseiten, Funktionen und Inhalte (nachfolgend gemeinsam bezeichnet als \u201eWebsite\u201c). Diese Erkl\u00e4rung gilt unabh\u00e4ngig von den verwendeten Domains, Systemen, Plattformen und Ger\u00e4ten (z.B. Desktop oder Mobile).<\/p>\n<p>1.2. Die Definitionen der hier verwendeten Begriffe, wie z.B. \u201epersonenbezogene Daten\u201c oder deren \u201eVerarbeitung\u201c finden Sie in Art 4 Datenschutz-Grundverordnung (kurz: DSGVO).<\/p>\n<p>1.3. Wir verarbeiten personenbezogene Daten der Nutzer nur unter Einhaltung der gesetzlichen Datenschutz-Bestimmungen (insbesondere Art 6 Abs 1 DSGVO). Dementsprechend werden Daten nur bei Vorliegen einer gesetzlichen Erlaubnis verarbeitet; insbesondere wenn die Datenverarbeitung zur Erf\u00fcllung unserer vertraglichen Leistungen (z.B. Bearbeitung von Auftr\u00e4gen) sowie unseres Online-Services erforderlich ist oder gesetzlich vorgeschrieben ist oder eine Einwilligung der Nutzer vorliegt oder ein \u00fcberwiegendes berechtigtes Interesse unsererseits vorliegt (z.B. Interesse an der Analyse und Optimierung unseres Online-Angebots).<\/p>\n<h3>2. Verarbeitete Datenkategorien und Rechtsgrundlagen der Verarbeitung<\/h3>\n<p>2.1. Im Rahmen unseres Angebots verarbeiten wir folgende personenbezogene Daten zur Vertragsdurchf\u00fchrung (Art 6 Abs 1 lit b DSGVO) oder auf der Grundlage unseres \u00fcberwiegenden berechtigten Interesses (Art 6 Abs 1 lit f DSGVO):<\/p>\n<ul>\n<li>Bestandsdaten (z.B. Namen und Adressen von Kunden, Telefonnummer, Emailadresse)<\/li>\n<li>Vertragsdaten (z.B. in Anspruch genommene Leistungen, Namen von Sachbearbeitern, Zahlungsinformationen, notwendige Zusatzinformationen wie zum Beispiel Wartungsvertragsnummer, etc.)<\/li>\n<li>Nutzungsdaten (z.B. die besuchten Webseiten unseres Onlineangebots)<\/li>\n<li>Inhaltsdaten<\/li>\n<\/ul>\n<h3>3. Zwecke der Datenverarbeitung<\/h3>\n<p>3.1. Die unter Punkt 2 genannten personenbezogenen Daten werden zu folgenden Zwecken verarbeitet:<\/p>\n<ul>\n<li>Erf\u00fcllung der vertraglichen Verpflichtungen und Serviceleistungen<\/li>\n<li>Zurverf\u00fcgungstellung dieser Website und um die Website weiter zu verbessern und bedienungsfreundlicher zu gestalten;<\/li>\n<li>zur Erstellung von Nutzungsstatistiken;<\/li>\n<li>zur Beantwortung von Anfragen;<\/li>\n<\/ul>\n<h3>4. \u00dcbermittlung von Daten an Dritte und Drittanbieter<\/h3>\n<p>4.1. Eine Weitergabe von Daten erfolgt nur im Rahmen der gesetzlichen Vorgaben. Wir geben die Daten nur weiter, wenn dies z.B. auf Grundlage des Art 6 Abs 1 lit b DSGVO f\u00fcr die Durchf\u00fchrung des Vertrages erforderlich ist oder aufgrund eines \u00fcberwiegenden berechtigten Interesses gem\u00e4\u00df Art 6 Abs 1 lit f DSGVO an einem wirtschaftlichen und effektiven Betrieb.<\/p>\n<p>4.2. Sofern wir Subunternehmer einsetzen, befinden sich diese in der EU oder im EWR. Eine Weitergabe in Drittstaaten findet nicht statt. Sofern Subunternehmer eingesetzt werden, ergreifen wir geeignete rechtliche Vorkehrungen und entsprechende technische und organisatorische Ma\u00dfnahmen, um f\u00fcr den Schutz der personenbezogenen Daten gem\u00e4\u00df den geltenden gesetzlichen Bestimmungen zu sorgen.<\/p>\n<h3>5. Sicherheitsma\u00dfnahmen<\/h3>\n<p>5.1. Wir treffen organisatorische, vertragliche und technische Sicherheitsma\u00dfnahmen entsprechend dem Stand der Technik, um sicherzustellen, dass die Vorschriften der Datenschutzgesetze eingehalten werden und um damit die durch uns verarbeiteten Daten gegen zuf\u00e4llige oder vors\u00e4tzliche Manipulation, Verlust, Zerst\u00f6rung oder gegen Zugriff unberechtigter Personen zu sch\u00fctzen.<\/p>\n<h3>6. Kontaktaufnahme<\/h3>\n<p>6.1. Bei der Kontaktaufnahme mit uns (per Email) werden die Angaben des Nutzers zur Bearbeitung der Kontaktanfrage und deren Abwicklung gem\u00e4\u00df Art 6 Abs 1 lit b DSGVO verarbeitet.<\/p>\n<p><strong>\u00a0<\/strong><\/p>\n<p><strong>Cookies<\/strong><\/p>\n<p>Unsere Website verwendet so genannte Cookies. Dabei handelt es sich um kleine Textdateien, die mit Hilfe des Browsers auf Ihrem Endger\u00e4t abgelegt werden. Sie richten keinen Schaden an.<\/p>\n<p>Wir nutzen Cookies dazu, unser Angebot nutzerfreundlich zu gestalten. Einige Cookies bleiben auf Ihrem Endger\u00e4t gespeichert, bis Sie diese l\u00f6schen. Sie erm\u00f6glichen es uns, Ihren Browser beim n\u00e4chsten Besuch wiederzuerkennen.<\/p>\n<p>Wenn Sie dies nicht w\u00fcnschen, so k\u00f6nnen Sie Ihren Browser so einrichten, dass er Sie \u00fcber das Setzen von Cookies informiert und Sie dies nur im Einzelfall erlauben.<\/p>\n<p>Bei der Deaktivierung von Cookies kann die Funktionalit\u00e4t unserer Website eingeschr\u00e4nkt sein.<\/p>\n<p><strong>Google Analytics<\/strong><\/p>\n<p>Diese Website nutzt Funktionen des Webanalysedienstes Google Analytics. Anbieter ist die Google Inc., 1600 Amphitheatre Parkway Mountain View, CA 94043, USA.<\/p>\n<p>Google Analytics verwendet so genannte \u00bbCookies\u00ab. Das sind Textdateien, die auf Ihrem Computer gespeichert werden und die eine Analyse der Benutzung der Website durch Sie erm\u00f6glichen. Die durch den Cookie erzeugten Informationen \u00fcber Ihre Benutzung dieser Website werden in der Regel an einen Server von Google in den USA \u00fcbertragen und dort gespeichert.<\/p>\n<p>Wir haben mit dem Anbieter einen entsprechenden Vertrag zur Auftragsdatenverarbeitung abgeschlossen.<\/p>\n<p><strong>IP Anonymisierung<\/strong><\/p>\n<p>Wir haben auf dieser Website die Funktion IP-Anonymisierung aktiviert. Dadurch wird Ihre IP-Adresse von Google innerhalb von Mitgliedstaaten der Europ\u00e4ischen Union oder in anderen Vertragsstaaten des Abkommens \u00fcber den Europ\u00e4ischen Wirtschaftsraum vor der \u00dcbermittlung in die USA gek\u00fcrzt. Nur in Ausnahmef\u00e4llen wird die volle IP-Adresse an einen Server von Google in den USA \u00fcbertragen und dort gek\u00fcrzt. Im Auftrag des Betreibers dieser Website wird Google diese Informationen benutzen, um Ihre Nutzung der Website auszuwerten, um Reports \u00fcber die Websiteaktivit\u00e4ten zusammenzustellen und um weitere mit der Websitenutzung und der Internetnutzung verbundene Dienstleistungen gegen\u00fcber dem Websitebetreiber zu erbringen. Die im Rahmen von Google Analytics von Ihrem Browser \u00fcbermittelte IP-Adresse wird nicht mit anderen Daten von Google zusammengef\u00fchrt.<\/p>\n<p><strong>Browser Plugin<\/strong><\/p>\n<p>Sie k\u00f6nnen die Speicherung der Cookies durch eine entsprechende Einstellung Ihrer Browser-Software verhindern; wir weisen Sie jedoch darauf hin, dass Sie in diesem Fall gegebenenfalls nicht s\u00e4mtliche Funktionen dieser Website vollumf\u00e4nglich werden nutzen k\u00f6nnen. Sie k\u00f6nnen dar\u00fcber hinaus die Erfassung der durch den Cookie erzeugten und auf Ihre Nutzung der Website bezogenen Daten (inkl. Ihrer IP-Adresse) an Google sowie die Verarbeitung dieser Daten durch Google verhindern, indem Sie das unter dem folgenden Link verf\u00fcgbare <a href=\"https:\/\/tools.google.com\/dlpage\/gaoptout?hl=de\">Browser-Plugin (google.com)<\/a> herunterladen und installieren.<\/p>\n<p><strong>Widerspruch gegen Datenerfassung<\/strong><\/p>\n<p>Sie k\u00f6nnen die Erfassung Ihrer Daten durch Google Analytics verhindern, indem Sie auf folgenden Link klicken. Es wird ein Opt-Out-Cookie gesetzt, der die Erfassung Ihrer Daten bei zuk\u00fcnftigen Besuchen dieser Website verhindert: Google Analytics deaktivieren<\/p>\n<p>Mehr Informationen zum Umgang mit Nutzerdaten bei Google Analytics finden Sie in der <a href=\"https:\/\/support.google.com\/analytics\/answer\/6004245?hl=de\">Datenschutzerkl\u00e4rung von Google<\/a><\/p>\n<p><strong>Demografische Merkmale bei Google Analytics<\/strong><\/p>\n<p>Diese Website nutzt die Funktion \u00bbdemografische Merkmale\u00ab von Google Analytics. Dadurch k\u00f6nnen Berichte erstellt werden, die Aussagen zu Alter, Geschlecht und Interessen der Seitenbesucher enthalten. Diese Daten stammen aus interessenbezogener Werbung von Google sowie aus Besucherdaten von Drittanbietern. Diese Daten k\u00f6nnen keiner bestimmten Person zugeordnet werden. Sie k\u00f6nnen diese Funktion jederzeit \u00fcber die Anzeigeneinstellungen in Ihrem Google-Konto deaktivieren oder die Erfassung Ihrer Daten durch Google Analytics wie im Punkt \u00bbWiderspruch gegen Datenerfassung\u00ab dargestellt generell untersagen.<\/p>\n<p><strong>Google Web Fonts<\/strong><\/p>\n<p>Diese Seite nutzt zur einheitlichen Darstellung von Schriftarten so genannte Web Fonts, die von Google bereitgestellt werden. Beim Aufruf einer Seite l\u00e4dt Ihr Browser die ben\u00f6tigten Web Fonts in ihren Browsercache, um Texte und Schriftarten korrekt anzuzeigen. Wenn Ihr Browser Web Fonts nicht unterst\u00fctzt, wird eine Standardschrift von Ihrem Computer genutzt.<\/p>\n<p>Weitere Informationen zu Google Web Fonts finden Sie unter <a href=\"https:\/\/developers.google.com\/fonts\/faq\">Developer FAQs (google.com)<\/a> und in der <a href=\"https:\/\/www.google.com\/policies\/privacy\/\">Datenschutzerkl\u00e4rung von Google<\/a><\/p>\n<p><strong>Google Maps<\/strong><\/p>\n<p>Diese Webseite verwendet das Produkt Google Maps von Google Inc. Durch die Nutzung unserer Webseite erkl\u00e4ren Sie sich mit der Erfassung, Bearbeitung sowie Nutzung der automatisiert erhobenen Daten durch Google Inc., deren Vertreter sowie Dritter einverstanden. Um das zu vermeiden, k\u00f6nnen Sie Javascript deaktivieren. Allerdings ist dann eine Nutzung der Karte nicht mehr m\u00f6glich.<\/p>\n<p>Die Nutzungsbedingungen von Google Maps finden sie unter <a href=\"https:\/\/www.google.com\/intl\/de_de\/help\/terms_maps.html\">Nutzungsbedingungen von Google Maps<\/a>.<\/p>\n<p><strong>Speicherdauer\/L\u00f6schfrist<\/strong><\/p>\n<p>Wir speichern Ihre Daten aufgrund der gesetzlichen Aufbewahrungsfristen auf jeden Fall 7 Jahre, dar\u00fcber hinausgehend bis zur Beendigung eventueller Gew\u00e4hrleistungs- oder Garantiefristen. Sp\u00e4testens bis zur Beendigung der Gesch\u00e4ftsbeziehung.<\/p>\n<p><strong>Ihre Rechte auf Auskunft, L\u00f6schung, Sperrung.<\/strong><\/p>\n<p>Ihnen stehen grunds\u00e4tzlich die Rechte auf Auskunft, Berichtigung, L\u00f6schung, Einschr\u00e4nkung, Daten\u00fcbertragbarkeit, Widerruf und Widerspruch zu. Hierzu sowie zu weiteren Fragen zum Thema personenbezogene Daten k\u00f6nnen Sie sich jederzeit unter der in den Kontaktdaten angegebene Person wenden.<\/p>\n<p><strong>Kontaktdaten<\/strong><\/p>\n<p>Hauptplatz 1<br \/>\n3153\u00a0 Eschenau<\/p>\n<p>Tel. Nr. 02762\/67230<br \/>\nFax. Nr. 02762\/67230-4<\/p>\n<p>Webseite:\u00a0<a href=\"http:\/\/www.eschenau.gv.at\/\">www.eschenau.gv.at<\/a><\/p>\n<h3>Datenschutzbeauftragter<\/h3>\n<p>Mag. Michael Sedlacek, LL.M.<\/p>\n<p>Babenbergerstra\u00dfe 14<br \/>\n3180 Lilienfeld<br \/>\n<a href=\"mailto:office@anwaltskanzlei-sedlacek.at\">office@anwaltskanzlei-sedlacek.at<\/a><br \/>\nTel.<a href=\"tel:0043276294100\"> 02762\/94100<\/a><\/p>\n","protected":false},"excerpt":{"rendered":"<p>Datenschutzerkl\u00e4rung Der Schutz Ihrer pers\u00f6nlichen Daten ist uns ein besonderes  [&#8230;]<\/p>\n","protected":false},"author":1,"featured_media":0,"parent":0,"menu_order":0,"comment_status":"closed","ping_status":"closed","template":"","meta":{"_acf_changed":false,"footnotes":""},"class_list":["post-2389","page","type-page","status-publish","hentry"],"acf":[],"_links":{"self":[{"href":"https:\/\/test.eschenau.at\/index.php?rest_route=\/wp\/v2\/pages\/2389","targetHints":{"allow":["GET"]}}],"collection":[{"href":"https:\/\/test.eschenau.at\/index.php?rest_route=\/wp\/v2\/pages"}],"about":[{"href":"https:\/\/test.eschenau.at\/index.php?rest_route=\/wp\/v2\/types\/page"}],"author":[{"embeddable":true,"href":"https:\/\/test.eschenau.at\/index.php?rest_route=\/wp\/v2\/users\/1"}],"replies":[{"embeddable":true,"href":"https:\/\/test.eschenau.at\/index.php?rest_route=%2Fwp%2Fv2%2Fcomments&post=2389"}],"version-history":[{"count":0,"href":"https:\/\/test.eschenau.at\/index.php?rest_route=\/wp\/v2\/pages\/2389\/revisions"}],"wp:attachment":[{"href":"https:\/\/test.eschenau.at\/index.php?rest_route=%2Fwp%2Fv2%2Fmedia&parent=2389"}],"curies":[{"name":"wp","href":"https:\/\/api.w.org\/{rel}","templated":true}]}}