
{"id":266,"date":"2017-01-12T20:16:40","date_gmt":"2017-01-12T19:16:40","guid":{"rendered":"https:\/\/www.eschenau.at\/?page_id=266"},"modified":"2026-03-25T11:31:51","modified_gmt":"2026-03-25T10:31:51","slug":"landwirtschaft","status":"publish","type":"page","link":"https:\/\/test.eschenau.at\/?page_id=266","title":{"rendered":"Direktvermarkter"},"content":{"rendered":"<div class=\"fusion-fullwidth fullwidth-box fusion-builder-row-1 fusion-flex-container nonhundred-percent-fullwidth non-hundred-percent-height-scrolling\" style=\"--awb-border-radius-top-left:0px;--awb-border-radius-top-right:0px;--awb-border-radius-bottom-right:0px;--awb-border-radius-bottom-left:0px;--awb-flex-wrap:wrap;\" ><div class=\"fusion-builder-row fusion-row fusion-flex-align-items-flex-start fusion-flex-content-wrap\" style=\"max-width:1248px;margin-left: calc(-4% \/ 2 );margin-right: calc(-4% \/ 2 );\"><div class=\"fusion-layout-column fusion_builder_column fusion-builder-column-0 fusion_builder_column_1_1 1_1 fusion-flex-column\" style=\"--awb-bg-size:cover;--awb-width-large:100%;--awb-margin-top-large:0px;--awb-spacing-right-large:1.92%;--awb-margin-bottom-large:0px;--awb-spacing-left-large:1.92%;--awb-width-medium:100%;--awb-spacing-right-medium:1.92%;--awb-spacing-left-medium:1.92%;--awb-width-small:100%;--awb-spacing-right-small:1.92%;--awb-spacing-left-small:1.92%;\"><div class=\"fusion-column-wrapper fusion-flex-justify-content-flex-start fusion-content-layout-column\">\n<table>\n<tbody>\n<tr class=\"avia-heading-row\">\n<th class=\"\">Name<\/th>\n<th class=\"\">Adresse<\/th>\n<th class=\"\">Kontakt<\/th>\n<th class=\"\">Produkte<\/th>\n<\/tr>\n<tr class=\"\">\n<td class=\"\">Bertl Hannes und Caroline<\/td>\n<td class=\"\">Sommersberg 3<br \/>3153 Eschenau<\/td>\n<td class=\"\">0676\/5204902<\/td>\n<td class=\"\">Fleisch- und Wurstwaren<\/td>\n<\/tr>\n<tr class=\"\">\n<td class=\"\">Fam. Buchner<\/td>\n<td class=\"\">Steubach 54<br \/>3153 Eschenau<\/td>\n<td class=\"\">0660\/3472082<\/td>\n<td class=\"\">Jungrind-Beef<\/td>\n<\/tr>\n<tr class=\"\">\n<td class=\"\">Fahrafellner Christian und Ursula<\/td>\n<td class=\"\">Windbichl 15<br \/>3153 Eschenau<\/td>\n<td class=\"\">0680\/1578044<\/td>\n<td class=\"\">Produkte aus der Landwirtschaft<\/td>\n<\/tr>\n<tr class=\"\">\n<td class=\"\">Foitl Gottfried<\/td>\n<td class=\"\">Steubach 26<br \/>3153 Eschenau<\/td>\n<td class=\"\">02762\/68285<\/td>\n<td class=\"\">Edelbr\u00e4nde<\/td>\n<\/tr>\n<tr class=\"\">\n<td class=\"\">Fuchssteiner Franz und Maria<\/td>\n<td class=\"\">Sonnleitgraben 4<br \/>3153 Eschenau<\/td>\n<td class=\"\">02762\/67645<\/td>\n<td class=\"\">Edelbr\u00e4nde, Lik\u00f6re, Dirndlprodukte, Marmelade, S\u00e4fte, Apfelessig, D\u00f6rrobst<\/td>\n<\/tr>\n<tr class=\"\">\n<td class=\"\">Fam. Gruber<\/td>\n<td class=\"\">Steubach 11<br \/>3153 Eschenau<\/td>\n<td class=\"\">0664\/73483482<br \/>gruber.steubach@gmail.com<br \/><a href=\"https:\/\/www.biohofgruber.at\">www.biohofgruber.at<\/a><\/td>\n<td class=\"\">Edelbr\u00e4nde, Honig<\/td>\n<\/tr>\n<tr class=\"\">\n<td class=\"\">Gruber Johannes<\/td>\n<td class=\"\">Sonnleitgraben 6<br \/>3153 Eschenau<\/td>\n<td class=\"\">02762\/67695<br \/>familie_gruber@gmx.at<\/p>\n<p>&nbsp;<\/p>\n<\/td>\n<td class=\"\">Honig, Rindfleisch, Edelbr\u00e4nde<\/td>\n<\/tr>\n<tr class=\"\">\n<td class=\"\">Hochreiter Ralph und Marlene<\/td>\n<td class=\"\">Sonnleitgraben 3<br \/>3153 Eschenau<\/td>\n<td class=\"\">0676\/5656262<\/td>\n<td class=\"\">Jungrindfleisch, Bauernbrot<\/td>\n<\/tr>\n<tr class=\"\">\n<td class=\"\">Janker Monika<\/td>\n<td class=\"\">Steubach 18<br \/>3153 Eschenau<\/td>\n<td class=\"\">02762\/68940<\/td>\n<td class=\"\">Edelbr\u00e4nde<\/td>\n<\/tr>\n<tr class=\"\">\n<td class=\"\">Kendler Benjamin und Christa<\/td>\n<td class=\"\">Prinzbach 2<br \/>3153 Eschenau<\/td>\n<td class=\"\">0664\/8478033<\/td>\n<td class=\"\">Jungrind-Beef<\/td>\n<\/tr>\n<tr class=\"\">\n<td class=\"\">Knaller Gerhard<\/td>\n<td class=\"\">Hauptstra\u00dfe 47<br \/>3153 Eschenau<\/td>\n<td class=\"\">0680\/2372317<br \/><a href=\"https:\/\/brauhandwerk.at\">www.brauhandwerk.at<\/a><\/p>\n<p>&nbsp;<\/p>\n<\/td>\n<td class=\"\">Honig &amp; Bier<\/td>\n<\/tr>\n<tr class=\"\">\n<td class=\"\">Kraushofer Hermann<\/td>\n<td class=\"\">Rosen\u00f6d 1<br \/>3153 Eschenau<\/td>\n<td class=\"\">0664\/73565062<br \/><a href=\"https:\/\/biohof-rosenoed.at\">www.biohof-rosenoed.at<\/a><\/p>\n<p>&nbsp;<\/p>\n<\/td>\n<td class=\"\">Schafmischk\u00e4se<\/td>\n<\/tr>\n<tr class=\"\">\n<td class=\"\">Oswald Alexander<\/td>\n<td class=\"\">Sonnleitgraben 11 Steubach 25<br \/>3153 Eschenau<\/td>\n<td class=\"\">0650\/5166615<\/p>\n<p>&nbsp;<\/p>\n<\/td>\n<td class=\"\">Jungrindfleisch, Edelbr\u00e4nde<\/td>\n<\/tr>\n<tr class=\"\">\n<td class=\"\">Sulzer Josef und Sulzer-F\u00fcrlinger Eva<\/td>\n<td class=\"\">Steubach 21<br \/>3153 Eschenau<\/td>\n<td class=\"\">02762\/67610, 0664\/9370551<br \/>office@sulzermost.at<br \/>www.sulzermost.at<\/td>\n<td class=\"\">Most, S\u00e4fte, Lohnpressen<\/td>\n<\/tr>\n<tr class=\"\">\n<td class=\"\">Seidl Anton<\/td>\n<td class=\"\">Sonnleiten 61<br \/>3153 Eschenau<\/td>\n<td class=\"\">02762\/67662<\/td>\n<td class=\"\">Honig, Edelbr\u00e4nde<\/td>\n<\/tr>\n<tr class=\"\">\n<td class=\"\">Umgeher Harald<\/td>\n<td class=\"\">Windbichl 22<br \/>3153 Eschenau<\/td>\n<td class=\"\">02762\/67639<\/td>\n<td class=\"\">D\u00f6rrobst, Edelbr\u00e4nde<\/td>\n<\/tr>\n<tr class=\"\">\n<td class=\"\">Umgeher Johannes und Erika<\/td>\n<td class=\"\">Windbichl 24<br \/>3153 Eschenau<\/td>\n<td class=\"\">02762\/67255<\/td>\n<td class=\"\">Rohmilch, Topfen, Joghurt, R\u00e4ucherk\u00e4se, Weichk\u00e4se, Butter, Eier, Fruchtaufstriche, Dirndlprodukte, Bauernbrot, Dinkel, Dinkelbrot, Dinkelreis, Dinkelb\u00e4ckerei, Fr\u00fcchtebrot, Honig, Zucchinigem\u00fcse, D\u00f6rrobst<\/td>\n<\/tr>\n<tr class=\"\">\n<td class=\"\">Wallner Kurt und Wallner Franz<\/td>\n<td class=\"\">Gelbing 1<br \/>3153 Eschenau<\/td>\n<td class=\"\">02762\/68774 wallner_franz@aon.at<\/td>\n<td class=\"\">Honig, Eier, Edelbr\u00e4nde<\/td>\n<\/tr>\n<\/tbody>\n<\/table>\n<\/div><\/div><\/div><\/div>\n","protected":false},"excerpt":{"rendered":"","protected":false},"author":1,"featured_media":0,"parent":0,"menu_order":0,"comment_status":"closed","ping_status":"closed","template":"","meta":{"_acf_changed":false,"footnotes":""},"class_list":["post-266","page","type-page","status-publish","hentry"],"acf":[],"_links":{"self":[{"href":"https:\/\/test.eschenau.at\/index.php?rest_route=\/wp\/v2\/pages\/266","targetHints":{"allow":["GET"]}}],"collection":[{"href":"https:\/\/test.eschenau.at\/index.php?rest_route=\/wp\/v2\/pages"}],"about":[{"href":"https:\/\/test.eschenau.at\/index.php?rest_route=\/wp\/v2\/types\/page"}],"author":[{"embeddable":true,"href":"https:\/\/test.eschenau.at\/index.php?rest_route=\/wp\/v2\/users\/1"}],"replies":[{"embeddable":true,"href":"https:\/\/test.eschenau.at\/index.php?rest_route=%2Fwp%2Fv2%2Fcomments&post=266"}],"version-history":[{"count":5,"href":"https:\/\/test.eschenau.at\/index.php?rest_route=\/wp\/v2\/pages\/266\/revisions"}],"predecessor-version":[{"id":14481,"href":"https:\/\/test.eschenau.at\/index.php?rest_route=\/wp\/v2\/pages\/266\/revisions\/14481"}],"wp:attachment":[{"href":"https:\/\/test.eschenau.at\/index.php?rest_route=%2Fwp%2Fv2%2Fmedia&parent=266"}],"curies":[{"name":"wp","href":"https:\/\/api.w.org\/{rel}","templated":true}]}}