
{"id":279,"date":"2017-01-20T09:22:05","date_gmt":"2017-01-20T08:22:05","guid":{"rendered":"https:\/\/www.eschenau.at\/?page_id=279"},"modified":"2026-03-25T11:39:37","modified_gmt":"2026-03-25T10:39:37","slug":"entwicklung","status":"publish","type":"page","link":"https:\/\/test.eschenau.at\/?page_id=279","title":{"rendered":"Entwicklung"},"content":{"rendered":"<div class=\"fusion-fullwidth fullwidth-box fusion-builder-row-1 fusion-flex-container nonhundred-percent-fullwidth non-hundred-percent-height-scrolling\" style=\"--awb-border-radius-top-left:0px;--awb-border-radius-top-right:0px;--awb-border-radius-bottom-right:0px;--awb-border-radius-bottom-left:0px;--awb-flex-wrap:wrap;\" ><div class=\"fusion-builder-row fusion-row fusion-flex-align-items-flex-start fusion-flex-content-wrap\" style=\"max-width:1248px;margin-left: calc(-4% \/ 2 );margin-right: calc(-4% \/ 2 );\"><div class=\"fusion-layout-column fusion_builder_column fusion-builder-column-0 fusion_builder_column_2_3 2_3 fusion-flex-column\" style=\"--awb-bg-size:cover;--awb-width-large:66.666666666667%;--awb-margin-top-large:0px;--awb-spacing-right-large:2.88%;--awb-margin-bottom-large:20px;--awb-spacing-left-large:2.88%;--awb-width-medium:66.666666666667%;--awb-order-medium:0;--awb-spacing-right-medium:2.88%;--awb-spacing-left-medium:2.88%;--awb-width-small:100%;--awb-order-small:0;--awb-spacing-right-small:1.92%;--awb-spacing-left-small:1.92%;\"><div class=\"fusion-column-wrapper fusion-column-has-shadow fusion-flex-justify-content-flex-start fusion-content-layout-column\"><div class=\"fusion-text fusion-text-1\"><p>Die Entwicklung von Landwirtschaft, Handel und Gewerbe in unserer Gemeinde im Laufe der Zeit<br \/>Eschenau war seit jeher \u00fcberwiegend von der Landwirtschaft gepr\u00e4gt. Viele Jahrzehnte, ja Jahrhunderte, war es selbstverst\u00e4ndlich, dass Bauern weitgehend autark waren, es wurde alles zum eigenen Leben erzeugt: Getreide, Erd\u00e4pfel, R\u00fcben, Gem\u00fcse und nat\u00fcrlich auch Fleisch. Es wurde bis \u00fcber die Nachkriegszeit auch bei uns Ackerbau betrieben. Das Schlagen von Rindern war damals nicht \u00fcblich, die verkaufte man an den Fleischhauer, um Bargeld ins Haus zu bringen. Schweine f\u00fctterte man vorwiegend zum eigenen Verbrauch, verkaufte sie aber auch an den Fleischhauer.<\/p>\n<p>Bargeld war zu diesen Zeiten sowieso knapp und um sich gegen die Geldverleiher mit ihren Wucherzinsen zu sch\u00fctzen, gr\u00fcndete der Lehrer Anton Abrahamcik im Jahre 1897 die Raiffeisenkasse Eschenau. Erst in den letzten Jahrzehnten erfolgte die Umstellung auf reine Gr\u00fcnlandwirtschaft, wurde die Landwirtschaft extrem technisiert und unsere heutigen Wirtschaften sind moderne Erzeugungsbetriebe von landwirtschaftlichen Produkten wie Milch und Fleisch etc. Da etwa die H\u00e4lfte der landwirtschaftlich genutzten Fl\u00e4che aus Wald besteht, spielt daher auch die Forstwirtschaft eine bedeutende Rolle. Mehr als die H\u00e4lfte unserer z. Zt. etwa 60 Betriebe z\u00e4hlenden Landwirtschaften wirtschaftet heute nach organisch-biologischen Methoden, das sind also unsere sehr gesch\u00e4tzten &#8222;Bio-Bauern&#8220;.<\/p>\n<p>Man muss sie noch teilweise als Idealisten bezeichnen, denn finanziell voll abgegolten bekommen sie ihren Einsatz derzeit noch nicht, obwohl immer mehr Menschen diese Produkte zu sch\u00e4tzen wissen. Das Instrument der Direktvermarktung hat hier allerdings positive Auswirkungen gezeigt und wir haben heute eine Reihe von t\u00fcchtigen, innovativen Bauern, die auch Marktnischen erkannt haben und diese geschickt n\u00fctzen, bzw. sich mit absoluter Qualit\u00e4t ihren eigenen Markt geschaffen haben. Viele dieser Bauern bedienen sich auch schon l\u00e4ngst der Computer-Technologie, um den Betriebsablauf st\u00e4ndig im Griff zu haben; eine Entwicklung, der man Respekt entgegen bringen muss.<\/p>\n<p>Erfreulicherweise gibt es bei uns eine Reihe von H\u00f6fen, die schon \u00fcber mehrere Generationen im Besitz einer Familie sind.<\/p>\n<\/div><\/div><\/div><div class=\"fusion-layout-column fusion_builder_column fusion-builder-column-1 fusion_builder_column_1_3 1_3 fusion-flex-column\" style=\"--awb-bg-size:cover;--awb-width-large:33.333333333333%;--awb-margin-top-large:0px;--awb-spacing-right-large:5.76%;--awb-margin-bottom-large:20px;--awb-spacing-left-large:5.76%;--awb-width-medium:33.333333333333%;--awb-order-medium:0;--awb-spacing-right-medium:5.76%;--awb-spacing-left-medium:5.76%;--awb-width-small:100%;--awb-order-small:0;--awb-spacing-right-small:1.92%;--awb-spacing-left-small:1.92%;\"><div class=\"fusion-column-wrapper fusion-column-has-shadow fusion-flex-justify-content-flex-start fusion-content-layout-column\"><div class=\"fusion-image-element \" style=\"--awb-caption-title-font-family:var(--h2_typography-font-family);--awb-caption-title-font-weight:var(--h2_typography-font-weight);--awb-caption-title-font-style:var(--h2_typography-font-style);--awb-caption-title-size:var(--h2_typography-font-size);--awb-caption-title-transform:var(--h2_typography-text-transform);--awb-caption-title-line-height:var(--h2_typography-line-height);--awb-caption-title-letter-spacing:var(--h2_typography-letter-spacing);\"><span class=\" fusion-imageframe imageframe-none imageframe-1 hover-type-none\"><a href=\"https:\/\/test.eschenau.at\/wp-content\/uploads\/2026\/03\/Entwicklung.jpg\" class=\"fusion-lightbox\" data-rel=\"iLightbox[75f185e113ebd552da9]\" data-title=\"Entwicklung\" title=\"Entwicklung\"><img decoding=\"async\" width=\"400\" height=\"248\" src=\"https:\/\/test.eschenau.at\/wp-content\/uploads\/2026\/03\/Entwicklung.jpg\" data-orig-src=\"https:\/\/test.eschenau.at\/wp-content\/uploads\/2026\/03\/Entwicklung.jpg\" alt class=\"lazyload img-responsive wp-image-14482\" srcset=\"data:image\/svg+xml,%3Csvg%20xmlns%3D%27http%3A%2F%2Fwww.w3.org%2F2000%2Fsvg%27%20width%3D%27400%27%20height%3D%27248%27%20viewBox%3D%270%200%20400%20248%27%3E%3Crect%20width%3D%27400%27%20height%3D%27248%27%20fill-opacity%3D%220%22%2F%3E%3C%2Fsvg%3E\" data-srcset=\"https:\/\/test.eschenau.at\/wp-content\/uploads\/2026\/03\/Entwicklung-200x124.jpg 200w, https:\/\/test.eschenau.at\/wp-content\/uploads\/2026\/03\/Entwicklung.jpg 400w\" data-sizes=\"auto\" data-orig-sizes=\"(max-width: 700px) 100vw, 400px\" \/><\/a><\/span><\/div><\/div><\/div><div class=\"fusion-layout-column fusion_builder_column fusion-builder-column-2 fusion_builder_column_1_1 1_1 fusion-flex-column\" style=\"--awb-bg-size:cover;--awb-width-large:100%;--awb-margin-top-large:0px;--awb-spacing-right-large:1.92%;--awb-margin-bottom-large:20px;--awb-spacing-left-large:1.92%;--awb-width-medium:100%;--awb-order-medium:0;--awb-spacing-right-medium:1.92%;--awb-spacing-left-medium:1.92%;--awb-width-small:100%;--awb-order-small:0;--awb-spacing-right-small:1.92%;--awb-spacing-left-small:1.92%;\"><div class=\"fusion-column-wrapper fusion-column-has-shadow fusion-flex-justify-content-flex-start fusion-content-layout-column\"><div class=\"fusion-text fusion-text-2\"><h3>Diese Namen sind im \u201eGoldenen Ehrenbuch der Bauernschaft\u201c eingetragen:<\/h3>\n<table cellspacing=\"0\" cellpadding=\"0\" width=\"80%\">\n<tbody>\n<tr>\n<td><strong>Bertl<\/strong>&nbsp;(Hochleiten)<\/td>\n<td>Sommersberg 2<\/td>\n<td>seit 1736<\/td>\n<\/tr>\n<tr>\n<td><b>Moser<\/b>&nbsp;(L\u00f6ffelstatt)<\/td>\n<td>Obere Hauptsra\u00dfe 4<\/td>\n<td>seit 1774<\/td>\n<\/tr>\n<tr>\n<td><b>Moser<\/b>&nbsp;(Stiegelbauer)<\/td>\n<td>Steubach 1<\/td>\n<td>seit 1781<\/td>\n<\/tr>\n<tr>\n<td><b>Aigelsreiter<\/b>&nbsp;(Mitterhof)<\/td>\n<td>Hauptstra\u00dfe 50<\/td>\n<td>seit 1806<\/td>\n<\/tr>\n<tr>\n<td><b>Berger<\/b>&nbsp;(Buchinger)<\/td>\n<td>Steubach 22<\/td>\n<td>seit 1808<\/td>\n<\/tr>\n<tr>\n<td><b>Kraushofer<\/b>&nbsp;(Rosen\u00f6d)<\/td>\n<td>Rosen\u00f6d 1<\/td>\n<td>seit 1814<\/td>\n<\/tr>\n<tr>\n<td><b>Bertl<\/b>&nbsp;(Grabner)<\/td>\n<td>Steubach 18<\/td>\n<td>seit 1814<\/td>\n<\/tr>\n<tr>\n<td><b>Steigenberger<\/b>&nbsp;(Taler)<\/td>\n<td>Inzenreithstra\u00dfe 16<\/td>\n<td>seit 1831<\/td>\n<\/tr>\n<tr>\n<td><b>Halbwachs<\/b>&nbsp;(Langenthal)<\/td>\n<td>Laimergraben 8<\/td>\n<td>seit 1843<\/td>\n<\/tr>\n<tr>\n<td><b>Karner<\/b>&nbsp;(Steiner)<\/td>\n<td>Laimergraben 4<\/td>\n<td>seit 1852<\/td>\n<\/tr>\n<tr>\n<td><strong>Tr\u00f6stl&nbsp;<\/strong>(Gro\u00dfinzenreith)<\/td>\n<td>Inzenreithstr. 20<\/td>\n<td>seit 1864<\/td>\n<\/tr>\n<tr>\n<td><b>Renz<\/b>&nbsp;(Haselhof)<\/td>\n<td>Steubach 23<\/td>\n<td>seit 1865<\/td>\n<\/tr>\n<tr>\n<td><strong>Dorner&nbsp;<\/strong>(Leiten)<\/td>\n<td>Windbichl 5<\/td>\n<td>seit 1873<\/td>\n<\/tr>\n<tr>\n<td><strong>Oswald<\/strong>&nbsp;(Lehen)<\/td>\n<td>Steubach 25<\/td>\n<td>seit 1888<\/td>\n<\/tr>\n<tr>\n<td><strong>Singer&nbsp;<\/strong>(Oberlaim)<\/td>\n<td>Laimergraben 2<\/td>\n<td>seit 1889<\/td>\n<\/tr>\n<tr>\n<td><strong>Gruber<\/strong>&nbsp;(Herwatz\u00f6d)<\/td>\n<td>Steubach 11<\/td>\n<td>seit 1893<\/td>\n<\/tr>\n<tr>\n<td><strong>Schweiger<\/strong>&nbsp;(Untertavern)<\/td>\n<td>Rotheau 6<\/td>\n<td>seit 1896<\/td>\n<\/tr>\n<tr>\n<td><strong>W\u00f6gerer<\/strong>&nbsp;(Ausserprinzbach)<\/td>\n<td>Prinzbach 7<\/td>\n<td>seit 1896<\/td>\n<\/tr>\n<tr>\n<td><strong>Brandl&nbsp;<\/strong>(Gro\u00dfach)<\/td>\n<td>Rotheau 10<\/td>\n<td>seit 1898<\/td>\n<\/tr>\n<tr>\n<td><strong>Buchner<\/strong>&nbsp;(Gro\u00dfe Hofstatt)<\/td>\n<td>Steubach 6<\/td>\n<td>seit 1898<\/td>\n<\/tr>\n<tr>\n<td><strong>Gravogl<\/strong>&nbsp;(L\u00f6ffelhof)<\/td>\n<td>Laimergraben 5<\/td>\n<td>seit 1905<\/td>\n<\/tr>\n<tr>\n<td><strong>Umgeher<\/strong>&nbsp; (Gie\u00dfenberg)<\/td>\n<td>Windbichl 24<\/td>\n<td>seit 1906<\/td>\n<\/tr>\n<\/tbody>\n<\/table>\n<\/div><\/div><\/div><div class=\"fusion-layout-column fusion_builder_column fusion-builder-column-3 fusion_builder_column_2_3 2_3 fusion-flex-column\" style=\"--awb-bg-size:cover;--awb-width-large:66.666666666667%;--awb-margin-top-large:0px;--awb-spacing-right-large:2.88%;--awb-margin-bottom-large:20px;--awb-spacing-left-large:2.88%;--awb-width-medium:66.666666666667%;--awb-order-medium:0;--awb-spacing-right-medium:2.88%;--awb-spacing-left-medium:2.88%;--awb-width-small:100%;--awb-order-small:0;--awb-spacing-right-small:1.92%;--awb-spacing-left-small:1.92%;\"><div class=\"fusion-column-wrapper fusion-column-has-shadow fusion-flex-justify-content-flex-start fusion-content-layout-column\"><div class=\"fusion-text fusion-text-3\"><p>Eintragungen in dieses Buch finden H\u00f6fe, die mehr als 100 Jahre in direkter Folge weitervererbt wurden, oder Familien, die \u00fcber 200 Jahre ortsans\u00e4ssig sind.<\/p>\n<p>Handwerk, Gewerbe und Kleinindustrie haben in unserer Gemeinde verschiedene Perioden durchlebt. Bald nach der ersten Besiedlung gab es M\u00fchlen und S\u00e4gewerke und sp\u00e4ter eine Reihe von Gewerbebetrieben und Kleinindustrien, die teilweise heute noch bestehen, aber vielfach die Industrialisierung oder sonstige wirtschaftliche Entwicklungen nicht \u00fcberstanden haben.<\/p>\n<p>So erlangte z.B. das Hammerwerk Neuber im 19. Jh. Bedeutung, das zeitweise mit 15 bis 20 Gesellen Fertigware herstellte; das Roheisen wurde aus Gusswerk geholt. Auch ein Drahtzug geh\u00f6rte zum Betrieb. Der Besitzer Gustav Neuber sch\u00fcrfte auch nach Kohlen und sein Sohn Ludwig fand auf der Suche nach Kohlenvorkommen im Sommersberg reinen Quarzsand, der in Glasfabriken und als Formsand in Gie\u00dfereien Verwendung fand. Kurze Zeit erzeugten Ludwig und sein Nachfolger Gustav Neuber, der 1945 kurzzeitig B\u00fcrgermeister war, auch Dachziegel aus Beton.<\/p>\n<p>In Rotheau arbeitete in der Zwischenkriegszeit in den Geb\u00e4uden der ehemaligen Holzschleiferei Hamburger, daher heute noch das &#8222;Hamburgerhaus&#8220;, das dazugeh\u00f6rige Wohnhaus, die Schreibfedernfabrik Karl K\u00fchn &amp; Co. (heute noch Einigen bekannt als &#8222;Federnsp\u00fczelfabrik&#8220;).<\/p>\n<p>W\u00e4hrend des l. Weltkrieges wurde hier Munition erzeugt, in den Jahren 1924\/25 mussten wegen Absatzschwierigkeiten 200 Arbeiter entlassen werden und 1938 wurde die Firma liquidiert. Andere Betriebe, wie z.B. die Firma Kaltenb\u00e4ck in Rotheau, haben sich den ge\u00e4nderten Marktbedingungen angepasst und so ihren Weiterbestand gesichert.<\/p>\n<p>Das hauseigene S\u00e4gewerk wurde aufgelassen und von Serienprodukten auf die Herstellung von Industriekisten und Paletten mit Sonderma\u00dfen umgestellt und damit eine Marktnische gefunden. Seit 2009 hat auch diese Firma geschlossen und wurde an die Fa. G-Team verkauft. Das Wohnhaus wurde renoviert und an die Arbeiter der Fa. Parkitny weitervermietet. Im Betrieb hat sich der Zimmereibetrieb Gosch August eingemietet.<\/p>\n<p>Aber auch unsere ehemaligen Schmieden, Gugler in Eschenau und Fellnhofer\/Braun in Rotheau, wurden im Laufe der Jahrzehnte zu Schlossereien und vor allem zu Landmaschinen-Fachbetrieben. Eine alte Hufschmiede, Anton Novohradsky, einst mitten in Eschenau, existiert heute nicht mehr.<\/p>\n<p>Ebenso gibt es das damals bekannte, alteingesessene und sehr beliebte Gasthaus Z\u00f6chbauer\/Topfin Steubach schon lange nicht mehr, zu dem auch noch eine original Lehmboden-Kegelbahn geh\u00f6rte. Um die Liste der nicht mehr existierenden Betriebe fortzuf\u00fchren: von den ehemals vier Lebensmittelgesch\u00e4ften (oder fr\u00fcheren Gemischtwarenhandlungen) Frank und Harather in Eschenau, sowie Glanz und K\u00f6rner in Rotheau haben alle geschlossen, es gibt daf\u00fcr einen einzigen SPAR-Markt (Edith Nagl) in Eschenau.<\/p>\n<p>Ein aus der gewerblichen Fr\u00fchzeit stammender Betrieb, die Dorfm\u00fchle von Karl und Anna Haydn in Eschenau, hat in den F\u00fcnfzigerjahren ihren Betrieb eingestellt. Ein der M\u00fchle angeschlossenes Elektrizit\u00e4tswerk versorgte bis zur Vollelektrifizierung durch die NEWAG den Ortsbereich mit elektrischen Strom. Im Staubereich des M\u00fchlbaches war damals eine Badeanlage mit Umkleidekabinen vorhanden.<\/p>\n<p>Bis zur Asphaltierung der Stra\u00dfen existierte ein Schottersteinbruch der Familie Lee etwas au\u00dferhalb des s\u00fcdlichen Ortsendes. Der Steinbruch in Rotheau war bis zum Unfalltod der Besitzern Trude Balcarek in Betrieb. Ebenso endete der S\u00e4gewerksbetrieb Kadi mit dem pl\u00f6tzlichen Ableben des Besitzers.<\/p>\n<p>Die viele Jahrzehnte in Eschenau und Steubach ans\u00e4ssigen B\u00e4ckereien Stert und Babusek haben l\u00e4ngst ihre Betriebe geschlossen. In Erinnerung sind auch noch die Schneiderei Nowotny, sowie die beiden Schuhmacher Franz G\u00f6bert in Eschenau und Rudolf Kirchner in Rotheau wo es keine Nachfolger gab, ebenso wie in j\u00fcngster Zeit bei der Tischlerei Albrecht (ehemals Z\u00f6chling) in Eschenau. Ein tragischer Unfall im Jahr 1999 raubte uns auch den Malermeister Anton Wagner.<\/p>\n<p>Zum Leidwesen aller hat das seit Generationen bestehende &#8222;Wirtshaus&#8220; Lee und das Caf\u00e9 &#8222;Herta&#8220; im urarlten Gasthaus Topf\/Gratze ihre Pforten geschlossen.<\/p>\n<p>Die neue Pension &#8222;Voralpen&#8220; (Moser) kann den Bedarf an N\u00e4chtigungsm\u00f6glichkeit in Eschenau mit erstklassigen Zimmern abdecken. Nicht zu vergessen die Jausensstation Wei\u00dfenb\u00f6ck (Hagelbauer) am Windbichl und das Schutzhaus am Kaiserkogel, ein beliebtes Ausflugsziel, besonders aus dem Raum St. P\u00f6lten. In Rotheau hatten wir schon immer einen florierenden Fremdenverkehr dank der beiden alteingesessenen und stets gut gef\u00fchrten Gasth\u00f6fe Schweiger\/Pils und Birkner\/Wochner, beides solide Familienbetriebe. Der Einkehrgasthof &#8222;Gmiadlich&#8220;, sowie das &#8222;Jagast\u00fcberl&#8220; erg\u00e4nzen dieses Angebot noch.<\/p>\n<p>Zus\u00e4tzlich gibt es den Campingplatz Lee in Eschenau, der eine erholsame Umgebung bietet. Au\u00dfer dem schon erw\u00e4hnten Gewerbebetrieb Gugler weitere in Eschenau ans\u00e4ssige Betriebe und selbstst\u00e4ndige Vertretungen: Nikolaus W\u00f6gerer, S\u00e4gewerk und Stiegenbau; Gottfried Gaupmann GmbH., Erdbewegung; der schon erw\u00e4hnte Spar-Markt Nagl; Friedrich Gravogl, Vertretung f\u00fcr Maschinen und Werkzeuge; die Firma August Gosch &#8211; Zimmerei und Holzbau.<\/p>\n<p>Und nicht zu vergessen: das B\u00fcro f\u00fcr Dorf- und Stadterneuerung und die Telehaus N\u00d6 GmbH (Telehaus Eschenau), das mit EDV-Dienstleistungen, Seminaren usw. zur Zeit f\u00fcnf Personen Besch\u00e4ftigung bietet und inzwischen einen enormen Bekanntheitsgrad erreicht hat.<\/p>\n<p>In Rotheau entstanden neben den schon erw\u00e4hnten alteingesessenen Betrieben Kaltenb\u00f6ck und Braun in letzter Zeit dank der Schaltung des Gewerbegebietes eine Reihe von interessanten Betrieben. So siedelte sich als erster Herr Otto Sommer jr. mit seinem innovativen Betrieb &#8222;Bellfruit&#8220; an, wo Gem\u00fcse k\u00fcchenfertig aufbereitet wird. Als n\u00e4chstes folgte das &#8222;G-Team&#8220;, wo sich sechs t\u00fcchtige junge M\u00e4nner zu einer Betriebsgr\u00fcndung f\u00fcr Ger\u00fcsteverleih und Herstellung von Fassaden zusammentaten. Ein weiteres Paradeuntemehmen ist der EU-Schlachthof Berger. Femer hat sich dort auch Herr Karl Teicher mit einem Spezialgesch\u00e4ft f\u00fcr Jagdausr\u00fcstung und -bekleidung samt zugeh\u00f6rigem St\u00fcberl angesiedelt. Im ehemaligen Kaufhaus Glanz\/W\u00e4chter hat sich seit kurzem die Fa. Christoph Parkitny KG, ein spezial Unternehmen f\u00fcr alle Arten von Isolierungen, etabliert. In seinem Neubau auf der Huber-Wiese hat sich Herr Kurt Niese mit seiner Firma NCS, einer EDV-Fachberatung, eingerichtet. Ein sehr bedeutender Faktor ist auch das Pflegeheim des Herrn Dr. Hauser, eine Einrichtung, die in der heutigen Zeit immer wichtiger wird. Zudem ist durch den Um- und Ausbau des alten Meierhofes ein bauliches Schmuckst\u00fcck entstanden.<\/p>\n<p>Dies sollte ein Versuch sein, die wirtschaftliche Situation bzw. deren Entwicklung darzustellen. Ein wichtiger Aspekt ist dabei heute auch immer der Erhalt und die Schaffung von Arbeitspl\u00e4tzen, um hier woh\u00adnenden Gemeindeb\u00fcrgern ein Auspendeln m\u00f6glichst zu ersparen.<\/p><\/p>\n<\/div><\/div><\/div><div class=\"fusion-layout-column fusion_builder_column fusion-builder-column-4 fusion_builder_column_1_3 1_3 fusion-flex-column\" style=\"--awb-bg-size:cover;--awb-width-large:33.333333333333%;--awb-margin-top-large:0px;--awb-spacing-right-large:5.76%;--awb-margin-bottom-large:20px;--awb-spacing-left-large:5.76%;--awb-width-medium:33.333333333333%;--awb-order-medium:0;--awb-spacing-right-medium:5.76%;--awb-spacing-left-medium:5.76%;--awb-width-small:100%;--awb-order-small:0;--awb-spacing-right-small:1.92%;--awb-spacing-left-small:1.92%;\"><div class=\"fusion-column-wrapper fusion-column-has-shadow fusion-flex-justify-content-flex-start fusion-content-layout-column\"><div class=\"fusion-image-element \" style=\"--awb-caption-title-font-family:var(--h2_typography-font-family);--awb-caption-title-font-weight:var(--h2_typography-font-weight);--awb-caption-title-font-style:var(--h2_typography-font-style);--awb-caption-title-size:var(--h2_typography-font-size);--awb-caption-title-transform:var(--h2_typography-text-transform);--awb-caption-title-line-height:var(--h2_typography-line-height);--awb-caption-title-letter-spacing:var(--h2_typography-letter-spacing);\"><span class=\" fusion-imageframe imageframe-none imageframe-2 hover-type-none\"><a href=\"https:\/\/test.eschenau.at\/wp-content\/uploads\/2026\/03\/Entwicklung_1.jpg\" class=\"fusion-lightbox\" data-rel=\"iLightbox[1679399230e85379054]\" data-title=\"Entwicklung_1\" title=\"Entwicklung_1\"><img decoding=\"async\" width=\"400\" height=\"245\" src=\"https:\/\/test.eschenau.at\/wp-content\/uploads\/2026\/03\/Entwicklung_1.jpg\" data-orig-src=\"https:\/\/test.eschenau.at\/wp-content\/uploads\/2026\/03\/Entwicklung_1.jpg\" alt class=\"lazyload img-responsive wp-image-14483\" srcset=\"data:image\/svg+xml,%3Csvg%20xmlns%3D%27http%3A%2F%2Fwww.w3.org%2F2000%2Fsvg%27%20width%3D%27400%27%20height%3D%27245%27%20viewBox%3D%270%200%20400%20245%27%3E%3Crect%20width%3D%27400%27%20height%3D%27245%27%20fill-opacity%3D%220%22%2F%3E%3C%2Fsvg%3E\" data-srcset=\"https:\/\/test.eschenau.at\/wp-content\/uploads\/2026\/03\/Entwicklung_1-200x123.jpg 200w, https:\/\/test.eschenau.at\/wp-content\/uploads\/2026\/03\/Entwicklung_1.jpg 400w\" data-sizes=\"auto\" data-orig-sizes=\"(max-width: 700px) 100vw, 400px\" \/><\/a><\/span><\/div><\/div><\/div><\/div><\/div>\n","protected":false},"excerpt":{"rendered":"","protected":false},"author":1,"featured_media":0,"parent":0,"menu_order":0,"comment_status":"closed","ping_status":"closed","template":"","meta":{"_acf_changed":false,"footnotes":""},"class_list":["post-279","page","type-page","status-publish","hentry"],"acf":[],"_links":{"self":[{"href":"https:\/\/test.eschenau.at\/index.php?rest_route=\/wp\/v2\/pages\/279","targetHints":{"allow":["GET"]}}],"collection":[{"href":"https:\/\/test.eschenau.at\/index.php?rest_route=\/wp\/v2\/pages"}],"about":[{"href":"https:\/\/test.eschenau.at\/index.php?rest_route=\/wp\/v2\/types\/page"}],"author":[{"embeddable":true,"href":"https:\/\/test.eschenau.at\/index.php?rest_route=\/wp\/v2\/users\/1"}],"replies":[{"embeddable":true,"href":"https:\/\/test.eschenau.at\/index.php?rest_route=%2Fwp%2Fv2%2Fcomments&post=279"}],"version-history":[{"count":4,"href":"https:\/\/test.eschenau.at\/index.php?rest_route=\/wp\/v2\/pages\/279\/revisions"}],"predecessor-version":[{"id":14487,"href":"https:\/\/test.eschenau.at\/index.php?rest_route=\/wp\/v2\/pages\/279\/revisions\/14487"}],"wp:attachment":[{"href":"https:\/\/test.eschenau.at\/index.php?rest_route=%2Fwp%2Fv2%2Fmedia&parent=279"}],"curies":[{"name":"wp","href":"https:\/\/api.w.org\/{rel}","templated":true}]}}