
{"id":281,"date":"2017-01-20T09:22:46","date_gmt":"2017-01-20T08:22:46","guid":{"rendered":"https:\/\/www.eschenau.at\/?page_id=281"},"modified":"2017-01-20T09:22:46","modified_gmt":"2017-01-20T08:22:46","slug":"zukunftschancen","status":"publish","type":"page","link":"https:\/\/test.eschenau.at\/?page_id=281","title":{"rendered":"Zukunftschancen"},"content":{"rendered":"<p>Die Land- und Forstwirtschaft hat in Eschenau seit jeher eine dominierende Rolle gespielt und hat nach wie vor als Gestalter unserer Kulturlandschaft ihren festen Platz. Von 2.475 ha Gemeindefl\u00e4che bewirtschaften 34 Vollerwerbs- und 32 Nebenerwerbsbauern 1.138 ha Landwirtschaftsfl\u00e4che und 1.185 ha Wald. Schon auf Grund dieser Tatsache war klar, dass die Land- und Forstwirtschaft ein wesentlicher Entwicklungsfaktor beim Modellprojekt &#8222;\u00d6kodorf&#8220; sein wird.<\/p>\n<p>In den Bergbauernbetrieben wird haupts\u00e4chlich Milch erzeugt und Vieh gez\u00fcchtet. Produkte der organisch-biologisch wirtschaftenden Bauern finden bei Bauernm\u00e4rkten und auch beim Ab-Hof-Verkauf befriedigenden Absatz. Die Nutzung des Bauernwaldes tr\u00e4gt zur Stabilisierung der Betriebe bei. Daher wird der Erzeugung von Hackschnitzeln sowohl f\u00fcr den Eigenbedarf als auch f\u00fcr den Verkauf die entsprechende Bedeutung einger\u00e4umt.<\/p>\n<p>Im Zuge der Projekt-Realisierung &#8222;\u00d6kodorf Eschenau&#8220; wurden von der Land- und Forstwirtschaft viele Vorhaben umgesetzt, die vor allem dazu dienen, die nat\u00fcrlichen Kreisl\u00e4ufe wieder herzustellen. Umweltgerechte Bewirtschaftungsformen und Verst\u00e4ndnis im Umgang mit der Natur vermitteln unserem Bergbauerngebiet ein gepflegtes Aussehen und erf\u00fcllen somit alle Voraussetzungen zu einer sanften Tourismusentwicklung.<\/p>\n","protected":false},"excerpt":{"rendered":"<p>Die Land- und Forstwirtschaft hat in Eschenau seit jeher eine  [&#8230;]<\/p>\n","protected":false},"author":1,"featured_media":0,"parent":0,"menu_order":0,"comment_status":"closed","ping_status":"closed","template":"","meta":{"_acf_changed":false,"footnotes":""},"class_list":["post-281","page","type-page","status-publish","hentry"],"acf":[],"_links":{"self":[{"href":"https:\/\/test.eschenau.at\/index.php?rest_route=\/wp\/v2\/pages\/281","targetHints":{"allow":["GET"]}}],"collection":[{"href":"https:\/\/test.eschenau.at\/index.php?rest_route=\/wp\/v2\/pages"}],"about":[{"href":"https:\/\/test.eschenau.at\/index.php?rest_route=\/wp\/v2\/types\/page"}],"author":[{"embeddable":true,"href":"https:\/\/test.eschenau.at\/index.php?rest_route=\/wp\/v2\/users\/1"}],"replies":[{"embeddable":true,"href":"https:\/\/test.eschenau.at\/index.php?rest_route=%2Fwp%2Fv2%2Fcomments&post=281"}],"version-history":[{"count":0,"href":"https:\/\/test.eschenau.at\/index.php?rest_route=\/wp\/v2\/pages\/281\/revisions"}],"wp:attachment":[{"href":"https:\/\/test.eschenau.at\/index.php?rest_route=%2Fwp%2Fv2%2Fmedia&parent=281"}],"curies":[{"name":"wp","href":"https:\/\/api.w.org\/{rel}","templated":true}]}}