
{"id":285,"date":"2017-01-20T09:24:08","date_gmt":"2017-01-20T08:24:08","guid":{"rendered":"https:\/\/www.eschenau.at\/?page_id=285"},"modified":"2026-03-25T11:43:41","modified_gmt":"2026-03-25T10:43:41","slug":"baeuerliche-interessensgemeinschaft","status":"publish","type":"page","link":"https:\/\/test.eschenau.at\/?page_id=285","title":{"rendered":"B\u00e4uerliche Interessensgemeinschaft"},"content":{"rendered":"<div class=\"fusion-fullwidth fullwidth-box fusion-builder-row-1 fusion-flex-container nonhundred-percent-fullwidth non-hundred-percent-height-scrolling\" style=\"--awb-border-radius-top-left:0px;--awb-border-radius-top-right:0px;--awb-border-radius-bottom-right:0px;--awb-border-radius-bottom-left:0px;--awb-flex-wrap:wrap;\" ><div class=\"fusion-builder-row fusion-row fusion-flex-align-items-flex-start fusion-flex-content-wrap\" style=\"max-width:1248px;margin-left: calc(-4% \/ 2 );margin-right: calc(-4% \/ 2 );\"><div class=\"fusion-layout-column fusion_builder_column fusion-builder-column-0 fusion_builder_column_1_1 1_1 fusion-flex-column\" style=\"--awb-bg-size:cover;--awb-width-large:100%;--awb-margin-top-large:0px;--awb-spacing-right-large:1.92%;--awb-margin-bottom-large:0px;--awb-spacing-left-large:1.92%;--awb-width-medium:100%;--awb-spacing-right-medium:1.92%;--awb-spacing-left-medium:1.92%;--awb-width-small:100%;--awb-spacing-right-small:1.92%;--awb-spacing-left-small:1.92%;\"><div class=\"fusion-column-wrapper fusion-flex-justify-content-flex-start fusion-content-layout-column\"><div class=\"fusion-text fusion-text-1\"><h3>Obmann<\/h3>\n<p>Franz Fuchssteiner<br \/>\nSonnleitgraben 4<br \/>\n3153 Eschenau<br \/>\nTel.Nr.: <a href=\"tel:0043276267645\">02762 67645<\/a><\/p>\n<p>Zweck des Vereines ist es, eine aktive und innovative Landwirtschaft in Eschenau und Umgebung zu f\u00f6rdern und zu unterst\u00fctzen. Insbesonders wird auf die Veredelung und Direktvermarktung b\u00e4uerlicher Produkte mit h\u00f6chsten Qualit\u00e4tsanspruch unter Ber\u00fccksichtigung von schonendem Umgang mit Natur und Umwelt geachtet. Auf Schulung und Weiterbildung der Mitglieder wird besonderer Wert gelegt.<\/p>\n<p>Die einzelnen Arbeitskreise arbeiten innerhalb des Vereines selbstst\u00e4ndig.<\/p>\n<p>Der Arbeitskreisobmann vertritt den Arbeitskreis gegen\u00fcber der Gemeinschaft und auch nach au\u00dfen.<\/p>\n<h3>Der Verein besteht zur Zeit aus vier Arbeitskreisen:<\/h3>\n<table>\n<tbody>\n<tr>\n<td>\n<h4>Berglandbrand<\/h4>\n<\/td>\n<td>\n<h4>K\u00fchlhausgemeinschaft<\/h4>\n<\/td>\n<td>\n<h4>Ernte-Vermarkter<\/h4>\n<\/td>\n<td>\n<h4>Lebende Landwirtschaft<\/h4>\n<\/td>\n<\/tr>\n<tr>\n<td>Obmann:<br \/>\nLehrbaumer Leopold Steinwandleiten 10<br \/>\n3161 St. Veit<br \/>\nTel.Nr.: 02762 65480<\/td>\n<td>Obmann:<br \/>\nGruber Johannes<br \/>\nSonnleitgraben 6<br \/>\n3153 Eschenau<br \/>\nTel.Nr.: 02762 67695<\/td>\n<td>Obmann:<br \/>\nAdele Fuchssteiner Sonnleitgraben 4<br \/>\n3153 Eschenau<br \/>\nTel.Nr.: 02762 67645<\/td>\n<td>Obmann:<br \/>\nKarl Kendler<br \/>\nPrinzbach 2<br \/>\n3153 Eschenau<br \/>\nTel.Nr.: 02762 67584<\/td>\n<\/tr>\n<\/tbody>\n<\/table>\n<\/div><\/div><\/div><\/div><\/div>\n","protected":false},"excerpt":{"rendered":"","protected":false},"author":1,"featured_media":0,"parent":0,"menu_order":0,"comment_status":"closed","ping_status":"closed","template":"","meta":{"_acf_changed":false,"footnotes":""},"class_list":["post-285","page","type-page","status-publish","hentry"],"acf":[],"_links":{"self":[{"href":"https:\/\/test.eschenau.at\/index.php?rest_route=\/wp\/v2\/pages\/285","targetHints":{"allow":["GET"]}}],"collection":[{"href":"https:\/\/test.eschenau.at\/index.php?rest_route=\/wp\/v2\/pages"}],"about":[{"href":"https:\/\/test.eschenau.at\/index.php?rest_route=\/wp\/v2\/types\/page"}],"author":[{"embeddable":true,"href":"https:\/\/test.eschenau.at\/index.php?rest_route=\/wp\/v2\/users\/1"}],"replies":[{"embeddable":true,"href":"https:\/\/test.eschenau.at\/index.php?rest_route=%2Fwp%2Fv2%2Fcomments&post=285"}],"version-history":[{"count":1,"href":"https:\/\/test.eschenau.at\/index.php?rest_route=\/wp\/v2\/pages\/285\/revisions"}],"predecessor-version":[{"id":14491,"href":"https:\/\/test.eschenau.at\/index.php?rest_route=\/wp\/v2\/pages\/285\/revisions\/14491"}],"wp:attachment":[{"href":"https:\/\/test.eschenau.at\/index.php?rest_route=%2Fwp%2Fv2%2Fmedia&parent=285"}],"curies":[{"name":"wp","href":"https:\/\/api.w.org\/{rel}","templated":true}]}}