
{"id":343,"date":"2017-01-20T09:57:46","date_gmt":"2017-01-20T08:57:46","guid":{"rendered":"https:\/\/www.eschenau.at\/?page_id=343"},"modified":"2026-03-26T14:28:51","modified_gmt":"2026-03-26T13:28:51","slug":"impressum","status":"publish","type":"page","link":"https:\/\/test.eschenau.at\/?page_id=343","title":{"rendered":"Impressum"},"content":{"rendered":"<div class=\"fusion-fullwidth fullwidth-box fusion-builder-row-1 fusion-flex-container nonhundred-percent-fullwidth non-hundred-percent-height-scrolling\" style=\"--awb-border-radius-top-left:0px;--awb-border-radius-top-right:0px;--awb-border-radius-bottom-right:0px;--awb-border-radius-bottom-left:0px;--awb-flex-wrap:wrap;\" ><div class=\"fusion-builder-row fusion-row fusion-flex-align-items-flex-start fusion-flex-content-wrap\" style=\"max-width:1248px;margin-left: calc(-4% \/ 2 );margin-right: calc(-4% \/ 2 );\"><div class=\"fusion-layout-column fusion_builder_column fusion-builder-column-0 fusion_builder_column_1_1 1_1 fusion-flex-column\" style=\"--awb-bg-size:cover;--awb-width-large:100%;--awb-margin-top-large:0px;--awb-spacing-right-large:1.92%;--awb-margin-bottom-large:0px;--awb-spacing-left-large:1.92%;--awb-width-medium:100%;--awb-spacing-right-medium:1.92%;--awb-spacing-left-medium:1.92%;--awb-width-small:100%;--awb-spacing-right-small:1.92%;--awb-spacing-left-small:1.92%;\"><div class=\"fusion-column-wrapper fusion-flex-justify-content-flex-start fusion-content-layout-column\"><div class=\"fusion-text fusion-text-1\"><h1 class=\"csc-firstHeader fusion-responsive-typography-calculated\" style=\"--fontsize: 32; line-height: 1.1; font-size: 2em;\" data-fontsize=\"32\" data-lineheight=\"52.8px\">Impressum\/Offenlegung\/\u00a7 13 AVG\/Allgemeine Nutzungsbedingungen f\u00fcr Gemeindehomepages<\/h1>\n<h1 class=\"fusion-responsive-typography-calculated\" style=\"--fontsize: 32; line-height: 1.1; font-size: 2em;\" data-fontsize=\"32\" data-lineheight=\"52.8px\">Impressum\/Offenlegung gem \u00a7\u00a7 24f MedienG<\/h1>\n<p class=\"align-left\">Medieninhaber: Gemeindeamt Eschenau<\/p>\n<p class=\"align-left\">Herausgeber: Gemeindeamt Eschenau<\/p>\n<p class=\"align-left\">Ansprechperson: Gruber Brigitte<\/p>\n<p class=\"align-left\">Telefon: 02762\/67230-3<\/p>\n<p class=\"align-left\">Fax: 02762\/67230-4<\/p>\n<p class=\"align-left\">Email: <a class=\"mail\" title=\"Mail an die Gemeinde Eschenau\" href=\"mailto:gemeindeamt@eschenau.at\">gemeindeamt@eschenau.at<\/a><\/p>\n<h1 class=\"align-left fusion-responsive-typography-calculated\" style=\"--fontsize: 32; line-height: 1.1; font-size: 2em;\" data-fontsize=\"32\" data-lineheight=\"52.8px\">Kundmachung gem. \u00a7 13 AVG<\/h1>\n<p class=\"align-left\">Schreiben an die Gemeinde Eschenau richten sie bitte an folgende Adresse:<\/p>\n<p class=\"align-left\">Hauptplatz 1, 3153 Eschenau<\/p>\n<h1 class=\"fusion-responsive-typography-calculated\" style=\"--fontsize: 32; line-height: 1.1; font-size: 2em;\" data-fontsize=\"32\" data-lineheight=\"52.8px\">F\u00fcr den Inhalt ist ausschlie\u00dflich die Gemeinde Eschenau zust\u00e4ndig!<\/h1>\n<h3 class=\"fusion-responsive-typography-calculated\" style=\"--fontsize: 25.6; line-height: var(--awb-typography1-line-height); font-size: 1.6em;\" data-fontsize=\"25.6\" data-lineheight=\"30.7167px\">Datenschutzbeauftragter<\/h3>\n<p>Mag. Michael Sedlacek, LL.M.<\/p>\n<p>Babenbergerstra\u00dfe 14<br \/>\n3180 Lilienfeld<br \/>\n<a href=\"mailto:office@anwaltskanzlei-sedlacek.at\">office@anwaltskanzlei-sedlacek.at<\/a><br \/>\nTel.<a href=\"tel:0043276294100\"> 02762\/94100<\/a><\/p>\n<h1 class=\"fusion-responsive-typography-calculated\" style=\"--fontsize: 32; line-height: 1.1; font-size: 2em;\" data-fontsize=\"32\" data-lineheight=\"52.8px\">Google-Analytics \u2013 Datenschutz Hinweis<\/h1>\n<p>\u201eDiese Website benutzt Google Analytics, einen Webanalysedienst der Google Inc. (\u201eGoogle\u201c). Google Analytics verwendet sog. \u201eCookies\u201c, Textdateien, die auf Ihrem Computer gespeichert werden und die eine Analyse der Benutzung der Website durch Sie erm\u00f6glichen. Die durch den Cookie erzeugten Informationen \u00fcber Ihre Benutzung dieser Website (einschlie\u00dflich Ihrer IP-Adresse) wird an einen Server von Google in den USA \u00fcbertragen und dort gespeichert. Google wird diese Informationen benutzen, um Ihre Nutzung der Website auszuwerten, um Reports \u00fcber die Websiteaktivit\u00e4ten f\u00fcr die Websitebetreiber zusammenzustellen und um weitere mit der Websitenutzung und der Internetnutzung verbundene Dienstleistungen zu erbringen. Auch wird Google diese Informationen gegebenenfalls an Dritte \u00fcbertragen, sofern dies gesetzlich vorgeschrieben oder soweit Dritte diese Daten im Auftrag von Google verarbeiten. Google wird in keinem Fall Ihre IP-Adresse mit anderen Daten von Google in Verbindung bringen. Sie k\u00f6nnen die Installation der Cookies durch eine entsprechende Einstellung Ihrer Browser Software verhindern; wir weisen Sie jedoch darauf hin, dass Sie in diesem Fall gegebenenfalls nicht s\u00e4mtliche Funktionen dieser Website vollumf\u00e4nglich nutzen k\u00f6nnen. Durch die Nutzung dieser Website erkl\u00e4ren Sie sich mit der Bearbeitung der \u00fcber Sie erhobenen Daten durch Google in der zuvor beschriebenen Art und Weise und zu dem zuvor benannten Zweck einverstanden.\u201c<\/p>\n<p>Soweit Google Adsense, ein Webanzeigendienst der Google Inc., USA (\u201eGoogle\u201c), auf dieser Website Werbung (Textanzeigen, Banner etc.) schaltet, speichert Ihr Browser eventuell ein von Google Inc. oder Dritten gesendetes Cookie. Die in dem Cookie gespeicherten Informationen k\u00f6nnen durch Google Inc. oder auch Dritte aufgezeichnet, gesammelt und ausgewertet werden. Dar\u00fcber hinaus verwendet Google Adsense zur Sammlung von Informationen auch sog. \u201eWebBacons\u201c (kleine unsichtbare Grafiken), durch deren Verwendung einfache Aktionen wie der Besucherverkehr auf der Webseite aufgezeichnet, gesammelt und ausgewertet werden k\u00f6nnen. Die durch den Cookie und\/oder Web Bacon erzeugten Informationen \u00fcber Ihre Nutzung dieser Website werden an einen Server von Google in den USA \u00fcbertragen und dort gespeichert. Google benutzt die so erhaltenen Informationen, um eine Auswertung Ihres Nutzungsverhaltens im Hinblick auf die AdSense-Anzeigen durchzuf\u00fchren. Google wird diese Informationen gegebenenfalls auch an Dritte \u00fcbertragen, sofern dies gesetzlich vorgeschrieben ist oder soweit Dritte diese Daten im Auftrag von Google verarbeiten. Ihre IP-Adresse wird von Google nicht mit anderen von Google gespeicherten Daten in Verbindung gebracht. Sie k\u00f6nnen das Speichern von Cookies auf Ihrer Festplatte und die Anzeige von Web Bacons verhindern. Dazu m\u00fcssen Sie in Ihren Browser-Einstellungen \u201ekeine Cookies akzeptieren\u201c w\u00e4hlen (Im Internet-Explorer unter \u201eExtras \/ Internetoptionen \/ Datenschutz \/ Einstellung\u201c, bei Firefox unter \u201eExtras \/ Einstellungen \/ Datenschutz \/ Cookies\u201c).<br \/>\nWeitere Informationen \u00fcber die Datenschutzbestimmungen von Google finden Sie auf der Webseite von Google Analytics.<\/p>\n<\/div><div class=\"fusion-text fusion-text-2\"><h3 data-fontsize=\"25.6\" data-lineheight=\"30.7167px\" class=\"fusion-responsive-typography-calculated\"><a href=\"https:\/\/raureif-it.at\"><img decoding=\"async\" class=\"lazyload alignright size-full wp-image-14702\" src=\"https:\/\/test.eschenau.at\/wp-content\/uploads\/2026\/03\/raureif_logo_5px_abstand-300x84-1.png\" data-orig-src=\"https:\/\/test.eschenau.at\/wp-content\/uploads\/2026\/03\/raureif_logo_5px_abstand-300x84-1.png\" alt=\"\" width=\"300\" height=\"84\" srcset=\"data:image\/svg+xml,%3Csvg%20xmlns%3D%27http%3A%2F%2Fwww.w3.org%2F2000%2Fsvg%27%20width%3D%27300%27%20height%3D%2784%27%20viewBox%3D%270%200%20300%2084%27%3E%3Crect%20width%3D%27300%27%20height%3D%2784%27%20fill-opacity%3D%220%22%2F%3E%3C%2Fsvg%3E\" data-srcset=\"https:\/\/test.eschenau.at\/wp-content\/uploads\/2026\/03\/raureif_logo_5px_abstand-300x84-1-200x56.png 200w, https:\/\/test.eschenau.at\/wp-content\/uploads\/2026\/03\/raureif_logo_5px_abstand-300x84-1.png 300w\" data-sizes=\"auto\" data-orig-sizes=\"(max-width: 300px) 100vw, 300px\" \/><\/a>Umsetzung<\/h3>\n<p>RAUREIF WEB &amp; IT<br \/>DI (FH) Alexander Oswald<br \/>Steubach 25<br \/>A 3153 Eschenau<br \/><a href=\"tel:00436505166615\">+43 (0)650 51 666 15<\/a><br \/><a href=\"mailto:office@raureif-it.at\">office@raureif-it.at<\/a><br \/><a href=\"http:\/\/www.raureif-it.at\">www.raureif-it.at<\/a><\/p>\n<\/div><\/div><\/div><\/div><\/div>\n","protected":false},"excerpt":{"rendered":"","protected":false},"author":1,"featured_media":0,"parent":0,"menu_order":0,"comment_status":"closed","ping_status":"closed","template":"","meta":{"_acf_changed":false,"footnotes":""},"class_list":["post-343","page","type-page","status-publish","hentry"],"acf":[],"_links":{"self":[{"href":"https:\/\/test.eschenau.at\/index.php?rest_route=\/wp\/v2\/pages\/343","targetHints":{"allow":["GET"]}}],"collection":[{"href":"https:\/\/test.eschenau.at\/index.php?rest_route=\/wp\/v2\/pages"}],"about":[{"href":"https:\/\/test.eschenau.at\/index.php?rest_route=\/wp\/v2\/types\/page"}],"author":[{"embeddable":true,"href":"https:\/\/test.eschenau.at\/index.php?rest_route=\/wp\/v2\/users\/1"}],"replies":[{"embeddable":true,"href":"https:\/\/test.eschenau.at\/index.php?rest_route=%2Fwp%2Fv2%2Fcomments&post=343"}],"version-history":[{"count":3,"href":"https:\/\/test.eschenau.at\/index.php?rest_route=\/wp\/v2\/pages\/343\/revisions"}],"predecessor-version":[{"id":14705,"href":"https:\/\/test.eschenau.at\/index.php?rest_route=\/wp\/v2\/pages\/343\/revisions\/14705"}],"wp:attachment":[{"href":"https:\/\/test.eschenau.at\/index.php?rest_route=%2Fwp%2Fv2%2Fmedia&parent=343"}],"curies":[{"name":"wp","href":"https:\/\/api.w.org\/{rel}","templated":true}]}}