
{"id":5142,"date":"2021-08-11T20:08:03","date_gmt":"2021-08-11T18:08:03","guid":{"rendered":"https:\/\/www.eschenau.at\/?page_id=5142"},"modified":"2026-03-25T14:44:29","modified_gmt":"2026-03-25T13:44:29","slug":"e-car","status":"publish","type":"page","link":"https:\/\/test.eschenau.at\/?page_id=5142","title":{"rendered":"E-Carsharing"},"content":{"rendered":"<div class=\"fusion-fullwidth fullwidth-box fusion-builder-row-1 fusion-flex-container has-pattern-background has-mask-background nonhundred-percent-fullwidth non-hundred-percent-height-scrolling\" style=\"--awb-border-radius-top-left:0px;--awb-border-radius-top-right:0px;--awb-border-radius-bottom-right:0px;--awb-border-radius-bottom-left:0px;--awb-flex-wrap:wrap;\" ><div class=\"fusion-builder-row fusion-row fusion-flex-align-items-flex-start fusion-flex-content-wrap\" style=\"max-width:1248px;margin-left: calc(-4% \/ 2 );margin-right: calc(-4% \/ 2 );\"><div class=\"fusion-layout-column fusion_builder_column fusion-builder-column-0 fusion_builder_column_2_3 2_3 fusion-flex-column\" style=\"--awb-bg-size:cover;--awb-width-large:66.666666666667%;--awb-margin-top-large:0px;--awb-spacing-right-large:2.88%;--awb-margin-bottom-large:20px;--awb-spacing-left-large:2.88%;--awb-width-medium:66.666666666667%;--awb-order-medium:0;--awb-spacing-right-medium:2.88%;--awb-spacing-left-medium:2.88%;--awb-width-small:100%;--awb-order-small:0;--awb-spacing-right-small:1.92%;--awb-spacing-left-small:1.92%;\"><div class=\"fusion-column-wrapper fusion-column-has-shadow fusion-flex-justify-content-flex-start fusion-content-layout-column\"><div class=\"fusion-text fusion-text-1\"><p>F\u00fcr all jene, welche oft mit den \u00d6ffis, dem Fahrrad oder zu Fu\u00df unterwegs sind, und mit dem Auto weniger als 10.000 Kilometer pro Jahr fahren, bietet sich Carsharing an. Hier spart man sich die hohen Fixkosten eines eigenen Fahrzeuges und ist dennoch immer individuell mobil.<\/p>\n<p>Seit kurzem gibt es kein Lebensmittel-Gesch\u00e4ft mehr in unserem Ort. Damit ist es auch f\u00fcr Menschen die nicht mehr so mobil sind notwendig, ausw\u00e4rts einzukaufen. Der Verein BIENE bietet f\u00fcr alle Interessierten ab 4. Mai jeweils Donnerstag Nachmittag von 14 bis 20 Uhr (au\u00dfer an Feiertagen) individuelle Einkaufs- oder sonstige Fahrten an. Fahrziele in Wilhelmsburg, Traisen, Lilienfeld und im Gemeindegebiet von Eschenau werden angesteuert. Auch die Abholung von Erwachsenen und Schulkindern von Bahnhof oder Busstation ist m\u00f6glich.<\/p>\n<p>Wichtig ist es darauf hinzuweisen, dass nach den rechtlichen Voraussetzungen nur Vereinsmitglieder transportiert werden d\u00fcrfen! Die Fahrtendienst-Vereinsmitgliedschaft kostet in den Testmonaten Mai bis Juli 2023 jeweils 5 Euro pro Monat und Person. Sollte das Angebot von der Bev\u00f6lkerung bis dahin angenommen werden, betr\u00e4gt der monatliche Beitrag ab August 25 Euro pro Person. Interessenten melden sich bitte bei der Gemeinde oder bei BIENE Obmann Franz Rybaczek unter Tel. 0664\/4838262.<\/p>\n<p>Gefahren wird mit dem Elektro-Carsharing Auto des Vereines, einem SKODA ENYAQ. Der Fahrtendienst kann auf Dauer nur angeboten werden, wenn es gen\u00fcgend freiwillige FahrerInnen gibt. Gemeinde und Verein BIENE ersuchen Gemeindeb\u00fcrgerInnen die Zeit f\u00fcr und auch Freude an einem solchen Dienst haben sich zu melden. Danke!<\/p><\/p>\n<\/div><div ><a class=\"fusion-button button-flat fusion-button-default-size button-default fusion-button-default button-1 fusion-button-default-span fusion-button-default-type\" target=\"_self\" href=\"http:\/\/www.biene-netzwerk.at\/e-carsharing\/\"><span class=\"fusion-button-text awb-button__text awb-button__text--default\">Verein Biene &#8211; E-Carsharing und E-Fahrtendienste<\/span><\/a><\/div><\/div><\/div><div class=\"fusion-layout-column fusion_builder_column fusion-builder-column-1 fusion_builder_column_1_3 1_3 fusion-flex-column\" style=\"--awb-bg-size:cover;--awb-width-large:33.333333333333%;--awb-margin-top-large:0px;--awb-spacing-right-large:5.76%;--awb-margin-bottom-large:20px;--awb-spacing-left-large:5.76%;--awb-width-medium:33.333333333333%;--awb-order-medium:0;--awb-spacing-right-medium:5.76%;--awb-spacing-left-medium:5.76%;--awb-width-small:100%;--awb-order-small:0;--awb-spacing-right-small:1.92%;--awb-spacing-left-small:1.92%;\"><div class=\"fusion-column-wrapper fusion-column-has-shadow fusion-flex-justify-content-flex-start fusion-content-layout-column\"><div class=\"fusion-image-element \" style=\"--awb-caption-title-font-family:var(--h2_typography-font-family);--awb-caption-title-font-weight:var(--h2_typography-font-weight);--awb-caption-title-font-style:var(--h2_typography-font-style);--awb-caption-title-size:var(--h2_typography-font-size);--awb-caption-title-transform:var(--h2_typography-text-transform);--awb-caption-title-line-height:var(--h2_typography-line-height);--awb-caption-title-letter-spacing:var(--h2_typography-letter-spacing);\"><span class=\" fusion-imageframe imageframe-none imageframe-1 hover-type-none\"><img decoding=\"async\" width=\"2560\" height=\"1442\" title=\"eauto\" src=\"https:\/\/test.eschenau.at\/wp-content\/uploads\/2026\/03\/eauto.jpg\" data-orig-src=\"https:\/\/test.eschenau.at\/wp-content\/uploads\/2026\/03\/eauto.jpg\" alt class=\"lazyload img-responsive wp-image-14509\" srcset=\"data:image\/svg+xml,%3Csvg%20xmlns%3D%27http%3A%2F%2Fwww.w3.org%2F2000%2Fsvg%27%20width%3D%272560%27%20height%3D%271442%27%20viewBox%3D%270%200%202560%201442%27%3E%3Crect%20width%3D%272560%27%20height%3D%271442%27%20fill-opacity%3D%220%22%2F%3E%3C%2Fsvg%3E\" data-srcset=\"https:\/\/test.eschenau.at\/wp-content\/uploads\/2026\/03\/eauto-200x113.jpg 200w, https:\/\/test.eschenau.at\/wp-content\/uploads\/2026\/03\/eauto-400x225.jpg 400w, https:\/\/test.eschenau.at\/wp-content\/uploads\/2026\/03\/eauto-600x338.jpg 600w, https:\/\/test.eschenau.at\/wp-content\/uploads\/2026\/03\/eauto-800x451.jpg 800w, https:\/\/test.eschenau.at\/wp-content\/uploads\/2026\/03\/eauto-1200x676.jpg 1200w, https:\/\/test.eschenau.at\/wp-content\/uploads\/2026\/03\/eauto.jpg 2560w\" data-sizes=\"auto\" data-orig-sizes=\"(max-width: 700px) 100vw, 400px\" \/><\/span><\/div><\/div><\/div><\/div><\/div>\n","protected":false},"excerpt":{"rendered":"","protected":false},"author":1,"featured_media":0,"parent":0,"menu_order":0,"comment_status":"closed","ping_status":"closed","template":"","meta":{"_acf_changed":false,"footnotes":""},"class_list":["post-5142","page","type-page","status-publish","hentry"],"acf":[],"_links":{"self":[{"href":"https:\/\/test.eschenau.at\/index.php?rest_route=\/wp\/v2\/pages\/5142","targetHints":{"allow":["GET"]}}],"collection":[{"href":"https:\/\/test.eschenau.at\/index.php?rest_route=\/wp\/v2\/pages"}],"about":[{"href":"https:\/\/test.eschenau.at\/index.php?rest_route=\/wp\/v2\/types\/page"}],"author":[{"embeddable":true,"href":"https:\/\/test.eschenau.at\/index.php?rest_route=\/wp\/v2\/users\/1"}],"replies":[{"embeddable":true,"href":"https:\/\/test.eschenau.at\/index.php?rest_route=%2Fwp%2Fv2%2Fcomments&post=5142"}],"version-history":[{"count":1,"href":"https:\/\/test.eschenau.at\/index.php?rest_route=\/wp\/v2\/pages\/5142\/revisions"}],"predecessor-version":[{"id":14510,"href":"https:\/\/test.eschenau.at\/index.php?rest_route=\/wp\/v2\/pages\/5142\/revisions\/14510"}],"wp:attachment":[{"href":"https:\/\/test.eschenau.at\/index.php?rest_route=%2Fwp%2Fv2%2Fmedia&parent=5142"}],"curies":[{"name":"wp","href":"https:\/\/api.w.org\/{rel}","templated":true}]}}