
{"id":6750,"date":"2022-08-23T18:12:28","date_gmt":"2022-08-23T16:12:28","guid":{"rendered":"https:\/\/www.eschenau.at\/?page_id=6750"},"modified":"2026-03-25T14:57:46","modified_gmt":"2026-03-25T13:57:46","slug":"oeffentlicher-verkehr","status":"publish","type":"page","link":"https:\/\/test.eschenau.at\/?page_id=6750","title":{"rendered":"\u00d6ffentlicher Verkehr"},"content":{"rendered":"<div class=\"fusion-fullwidth fullwidth-box fusion-builder-row-1 fusion-flex-container nonhundred-percent-fullwidth non-hundred-percent-height-scrolling\" style=\"--awb-border-radius-top-left:0px;--awb-border-radius-top-right:0px;--awb-border-radius-bottom-right:0px;--awb-border-radius-bottom-left:0px;--awb-flex-wrap:wrap;\" ><div class=\"fusion-builder-row fusion-row fusion-flex-align-items-flex-start fusion-flex-content-wrap\" style=\"max-width:1248px;margin-left: calc(-4% \/ 2 );margin-right: calc(-4% \/ 2 );\"><div class=\"fusion-layout-column fusion_builder_column fusion-builder-column-0 fusion_builder_column_2_3 2_3 fusion-flex-column\" style=\"--awb-bg-size:cover;--awb-width-large:66.666666666667%;--awb-margin-top-large:0px;--awb-spacing-right-large:2.88%;--awb-margin-bottom-large:0px;--awb-spacing-left-large:2.88%;--awb-width-medium:66.666666666667%;--awb-spacing-right-medium:2.88%;--awb-spacing-left-medium:2.88%;--awb-width-small:100%;--awb-spacing-right-small:1.92%;--awb-spacing-left-small:1.92%;\"><div class=\"fusion-column-wrapper fusion-flex-justify-content-flex-start fusion-content-layout-column\"><div class=\"fusion-text fusion-text-1\"><p>Mit den \u00d6ffis kommen Sie stressfrei und sicher von A nach B und k\u00f6nnen die Zeit w\u00e4hrend der Fahrt sinnvoll nutzen. Au\u00dferdem sparen Sie Zeit und Geld, entlasten die Stra\u00dfen und schonen die Umwelt.<\/p>\n<p>In der Ostregion (N\u00d6, Wien und Burgenland) gibt es ein hervorragendes \u00f6ffentliches Verkehrsangebot, welches eine attraktive, sichere und nachhaltige Alternative zum Pkw darstellt.<\/p>\n<p>In unserer Gemeinde finden sie die Linien 690, 694.<\/p>\n<div data-hfs-widget=\"true\" data-hfs-widget-switches-activetab=\"tp\" data-hfs-widget-tp=\"true\" data-hfs-widget-tp-postform=\"newtab\" data-hfs-widget-tp-dep=\"Hauptplatz, 3153 Eschenau\" data-hfs-widget-sq=\"true\" data-hfs-widget-sq-location=\"A=1@O=Eschenau\/Traisen Ortsmitte@X=15566404@Y=48048665@U=81@L=431871500@B=1@p=1661906795@i=A\u00d7at:43:18715@\" data-hfs-widget-sq-locationname=\"Eschenau\/Traisen Ortsmitte\" data-hfs-widget-map=\"true\" data-hfs-widget-map-lonlat=\"15566953,48048233\" data-hfs-widget-map-name=\"Hauptplatz, 3153 Eschenau\" data-hfs-widget-map-marker-lonlat=\"15566953,48048233\" data-hfs-widget-map-marker-icon=\"PCAT_KULTUR\" data-hfs-widget-map-mapcontent=\"product:64|true;multimodal_poi:hotels|true@public|true@mobility|true@commerce|true@restaurants|true@leisure|true@geonames|true;multimodal_car:refueling|true@parking|true\"><\/div>\n<\/div><div class=\"fusion-text fusion-text-2\"><h6 class=\"fusion-responsive-typography-calculated\" data-fontsize=\"18\" data-lineheight=\"21.6px\">Fragen zu einer Verbindung?<\/h6>\n<p><strong>VOR-HOTLINE:<\/strong> 0800 22 23 24<br \/>Montag \u2013 Freitag: 7:00 \u2013 20:00 Uhr<br \/>Samstag: 07:00 \u2013 14:00 Uhr<br \/><strong>VOR-ONLINE:<\/strong> <a href=\"http:\/\/www.vor.at\">www.vor.at<\/a><\/p>\n<h5 class=\"fusion-responsive-typography-calculated\" data-fontsize=\"20\" data-lineheight=\"28px\">Ticketinfo<\/h5>\n<p>Zeitkarten wie Wochen-, Monats- und Jahreskarten sind f\u00fcr Sie die praktischste und g\u00fcnstigste Form, Bahn und Bus zu nutzen.<\/p>\n<p><strong>Hier erhalten Sie Ihr Ticket<\/strong> (Einzel- und Tagestickets, Zeitkarten, Wochen- und Monatskarten, Freizeittickets):<br \/>\u2022 BuslenkerInnen<br \/>\u2022Internet und Handy: Online-Shop des VOR, der \u00d6BB, Online-Ticketshop der Wiener Linien, Mobile-Ticket der Wiener Linien VOR-ServiceCenter in der BahnhofCity Wien West<\/p>\n<p><strong>Sch\u00fclerInnen und Lehrlinge<\/strong><br \/>F\u00fcr Sch\u00fclerInnen und Lehrlinge gibt es das Jugendticket um \u20ac 19,60 f\u00fcr Fahrten zwischen Wohnort und Ausbildung oder das TOP-Jugendticket um \u20ac 79,- f\u00fcr alle VOR Linien in Wien, Nieder\u00f6sterreich und dem Burgenland. Alle Infos zu Sch\u00fcler und Lehrlingstickets finden Sie <a href=\"https:\/\/www.vor.at\/tickets\/ticketuebersicht\/jugendtickets\"><strong>hier<\/strong><\/a>!<\/p>\n<p><strong>Hochsch\u00fclerInnen<\/strong><br \/>In der Ostregion gibt es f\u00fcr Studierende bis 26 erm\u00e4\u00dfigte Monatskarten (\u00d6BB_VORTEILSCARD Jugend und Studentenausweis erforderlich). In Wien steht dar\u00fcber hinaus auch das Semesterticket zur Verf\u00fcgung.<br \/>Die bisherige F\u00f6rderung des Semestertickets f\u00fcr Studierende mit Hauptwohnsitz in Nieder\u00f6sterreich ist mit 1. Februar 2022 nicht mehr m\u00f6glich. Mit dem neuen Klimaticket, das es erm\u00f6glicht Nieder\u00f6sterreich, die Ostregion oder ganz \u00d6sterreich g\u00fcnstig bereisen zu k\u00f6nnen ist eine klimafreundliche Alternative zur bisherigen F\u00f6rderung gegeben. N\u00e4here Infos finden Sie <a href=\"https:\/\/www.vor.at\/tickets\/ticketuebersicht\/tickets-fuer-studierende\"><strong>hier<\/strong><\/a>!<\/p>\n<p><strong> KlimaTicket<br \/><\/strong>Seit 25. Oktober 2021 gibt es das VOR KlimaTicket Region (N\u00d6+BGLD) und das VOR KlimaTicket Metropolregion (W+N+BGLD)! Diese gelten in allen VOR Regio Bussen und Bahnen (wie \u00d6BB oder auch Mariazellerbahn, Badner Bahn und WESTbahn) ein ganzes Jahr lang. Erm\u00e4\u00dfigungen gibt es f\u00fcr SeniorInnen, junge Menschen und Menschen mit Behinderung.<br \/>Wenn Sie \u00f6ffentliche Verkehrsmittel einfach und bequem f\u00fcr ganz \u00d6sterreich nutzen wollen, dann ist das KlimaTicket \u00d6sterreich f\u00fcr Sie die beste Wahl!<br \/>Alle Infos dazu gibt es unter <a href=\"https:\/\/www.vor.at\/tickets\/ticketuebersicht\/jahreskarte\/klimaticket\">www.vor.at\/klimaticket\/<\/a> und <a href=\"https:\/\/www.klimaticket.at\/\">www.klimaticket.at<\/a><\/p>\n<p><strong>Bestellung von VOR Jahreskarten<\/strong><br \/>Die VOR Jahreskarten k\u00f6nnen mittels VOR Jahreskarten Bestellformular oder VOR KlimaTicket Bestellformular in den Verkaufsstellen des VOR beantragt werden.<\/p>\n<p>Hier k\u00f6nnen Sie das ausgef\u00fcllte Bestellformular (inkl. farbiges Passfoto und Kopie eines Lichtbildausweises) bis zum 5. des Vormonats, an dem Ihre VOR Jahreskarte G\u00fcltigkeit haben soll, zur Weiterleitung abgeben:<br \/>\u2022 Ticketschalter der \u00d6BB (nur Strecken-Jahreskarten)<\/p>\n<p>Alternativ k\u00f6nnen Sie uns das ausgef\u00fcllte Bestellformular samt farbigen Passfoto und Kopie eines Lichtbildausweises auch senden:<br \/>\u2022 per Post an Verkehrsverbund Ost-Region (VOR) GmbH, Europaplatz 3\/3, 1150 Wien<br \/>\u2022 per E-Mail (alle Dokumente als PDF und Foto als JPEG) an <a href=\"mailto:jahreskarte@vor.at\">jahreskarte@vor.at<\/a><\/p>\n<h6 class=\"fusion-responsive-typography-calculated\" data-fontsize=\"18\" data-lineheight=\"21.6px\">Fragen zu Tickets &amp; Preisen?<\/h6>\n<p><strong>VOR-HOTLINE:<\/strong> 0800 22 23 24<br \/>Montag \u2013 Freitag: 7:00 \u2013 20:00 Uhr<br \/>Samstag: 07:00 \u2013 14:00 Uhr<br \/><a href=\"mailto:kundenservice@vor.at\">kundenservice@vor.at<\/a><\/p>\n<p><strong>VOR-ONLINE:<\/strong> <a href=\"http:\/\/www.vor.at\">www.vor.at<\/a><\/p>\n<p><strong>\u00d6BB-Hotline:<\/strong> 05 17 17<br \/>T\u00e4glich 6:00 \u2013 21:00 Uhr<br \/>ONLINE: <a href=\"http:\/\/www.oebb.at\">www.oebb.at<\/a><\/p>\n<p><strong>VORAnachB-Routenplaner<\/strong><\/p>\n<\/div><\/div><\/div><div class=\"fusion-layout-column fusion_builder_column fusion-builder-column-1 fusion_builder_column_1_3 1_3 fusion-flex-column\" style=\"--awb-bg-size:cover;--awb-width-large:33.333333333333%;--awb-margin-top-large:0px;--awb-spacing-right-large:5.76%;--awb-margin-bottom-large:20px;--awb-spacing-left-large:5.76%;--awb-width-medium:33.333333333333%;--awb-order-medium:0;--awb-spacing-right-medium:5.76%;--awb-spacing-left-medium:5.76%;--awb-width-small:100%;--awb-order-small:0;--awb-spacing-right-small:1.92%;--awb-spacing-left-small:1.92%;\"><div class=\"fusion-column-wrapper fusion-column-has-shadow fusion-flex-justify-content-flex-start fusion-content-layout-column\"><div class=\"fusion-text fusion-text-3\"><h6>Linienfahrplan<\/h6>\n<p>Detaillierte Fahrpl\u00e4ne einzelner Linien stehen<strong> <a href=\"https:\/\/www.vor.at\/fahrplan-mobilitaet\/fahrplan-bus-bahn\/linienfahrplan\">hier<\/a> <\/strong>zum kostenlosen Download bereit.<\/p>\n<\/div><div ><a class=\"fusion-button button-flat fusion-button-default-size button-default fusion-button-default button-1 fusion-button-default-span fusion-button-default-type\" target=\"_self\" href=\"https:\/\/www.vor.at\/fahrplan-mobilitaet\/fahrplan-bus-bahn\/linienfahrplan\"><span class=\"fusion-button-text awb-button__text awb-button__text--default\">Linienfahrpl\u00e4ne<\/span><\/a><\/div><div class=\"fusion-text fusion-text-4\"><h6 class=\"fusion-responsive-typography-calculated\" data-fontsize=\"18\" data-lineheight=\"21.6px\"><a href=\"https:\/\/www.vor.at\/fahrplan-mobilitaet\/fahrplan-bus-bahn\/haltestellenaushang\">Haltestellenaushangfahrplan<\/a><\/h6>\n<p> Wenn Sie nur den Fahrplan einer einzelnen Linie an einer bekannten Haltestelle abfragen m\u00f6chten, dann ist der <strong><a href=\"https:\/\/www.vor.at\/fahrplan-mobilitaet\/fahrplan-bus-bahn\/haltestellenaushang\">Haltestellenaushangfahrplan<\/a><\/strong> genau das Richtige f\u00fcr Sie.<\/p>\n<\/div><div ><a class=\"fusion-button button-flat fusion-button-default-size button-default fusion-button-default button-2 fusion-button-default-span fusion-button-default-type\" target=\"_self\" href=\"https:\/\/www.vor.at\/fahrplan-mobilitaet\/fahrplan-bus-bahn\/haltestellenaushang\"><span class=\"fusion-button-text awb-button__text awb-button__text--default\">Haltestellenaushangfahrplan<\/span><\/a><\/div><div class=\"fusion-text fusion-text-5\"><h6 class=\"fusion-responsive-typography-calculated\" data-fontsize=\"18\" data-lineheight=\"21.6px\"><a href=\"https:\/\/www.vor.at\/fahrplan-mobilitaet\/vor-apps\/vor-anachb-app\"> Mobil: VOR AnachB App<\/a><\/h6>\n<p> Der kostenlose, \u00f6sterreichweite Routenplaner f\u00fcr \u00d6ffis, Fahrrad, zu Fu\u00df und Auto als App f\u00fcr alle Smartphones (iOS, Android, Huawei). Mit der <a href=\"https:\/\/www.vor.at\/fahrplan-mobilitaet\/vor-apps\/vor-anachb-app\">VOR <strong>AnachB App<\/strong><\/a> haben Sie alle Verbindungen auch unterwegs immer bei der Hand.<\/p>\n<\/div><div ><a class=\"fusion-button button-flat fusion-button-default-size button-default fusion-button-default button-3 fusion-button-default-span fusion-button-default-type\" target=\"_self\" href=\"https:\/\/www.vor.at\/fahrplan-mobilitaet\/vor-apps\/vor-anachb-app\"><span class=\"fusion-button-text awb-button__text awb-button__text--default\"> VOR AnachB App<\/span><\/a><\/div><\/div><\/div><\/div><\/div>\n","protected":false},"excerpt":{"rendered":"","protected":false},"author":2,"featured_media":0,"parent":0,"menu_order":0,"comment_status":"closed","ping_status":"closed","template":"","meta":{"_acf_changed":false,"footnotes":""},"class_list":["post-6750","page","type-page","status-publish","hentry"],"acf":[],"_links":{"self":[{"href":"https:\/\/test.eschenau.at\/index.php?rest_route=\/wp\/v2\/pages\/6750","targetHints":{"allow":["GET"]}}],"collection":[{"href":"https:\/\/test.eschenau.at\/index.php?rest_route=\/wp\/v2\/pages"}],"about":[{"href":"https:\/\/test.eschenau.at\/index.php?rest_route=\/wp\/v2\/types\/page"}],"author":[{"embeddable":true,"href":"https:\/\/test.eschenau.at\/index.php?rest_route=\/wp\/v2\/users\/2"}],"replies":[{"embeddable":true,"href":"https:\/\/test.eschenau.at\/index.php?rest_route=%2Fwp%2Fv2%2Fcomments&post=6750"}],"version-history":[{"count":4,"href":"https:\/\/test.eschenau.at\/index.php?rest_route=\/wp\/v2\/pages\/6750\/revisions"}],"predecessor-version":[{"id":14514,"href":"https:\/\/test.eschenau.at\/index.php?rest_route=\/wp\/v2\/pages\/6750\/revisions\/14514"}],"wp:attachment":[{"href":"https:\/\/test.eschenau.at\/index.php?rest_route=%2Fwp%2Fv2%2Fmedia&parent=6750"}],"curies":[{"name":"wp","href":"https:\/\/api.w.org\/{rel}","templated":true}]}}